{"id":2540,"date":"2019-03-08T13:34:26","date_gmt":"2019-03-08T16:34:26","guid":{"rendered":"http:\/\/personalbiker.com.br\/lojapb\/?post_type=product&#038;p=2540"},"modified":"2022-08-17T16:22:38","modified_gmt":"2022-08-17T19:22:38","slug":"capacete-pro-tork-v-pro-jet","status":"publish","type":"product","link":"https:\/\/personalbiker.com.br\/lojapb\/produto\/capacete-pro-tork-v-pro-jet\/","title":{"rendered":"Capacete Pro Tork V PRO JET"},"content":{"rendered":"","protected":false},"excerpt":{"rendered":"<p><strong>Caracter\u00edsticas Gerais:<\/strong><\/p>\n<ul>\n<li class=\"odd\">Injetado em ABS de alto impacto;<\/li>\n<li class=\"even\">Revestimento de prote\u00e7\u00e3o confeccionado em EPS (tamb\u00e9m chamado ber\u00e7o) de alto impacto;<\/li>\n<li class=\"odd\">Queixo escamote\u00e1vel;<\/li>\n<li class=\"even\">Acionado com somente uma das m\u00e3os;<\/li>\n<li class=\"odd\">Revestimento de conforto (forro) confeccionado com nylon em pluma duplo, antial\u00e9rgico, espuma com espessura de 7mm e densidade 28;<\/li>\n<li class=\"even\">Cinta jugular com feixe de engate r\u00e1pido;<\/li>\n<li class=\"last odd\">Viseira com 2mm de espessura em policarbonato;<\/li>\n<\/ul>\n<p>Modelo: V-Pro jet<\/p>\n<p>imagens meramente ilustrativas<\/p>\n","protected":false},"featured_media":2554,"template":"","meta":[],"product_brand":[],"product_cat":[25,52],"product_tag":[],"class_list":{"0":"post-2540","1":"product","2":"type-product","3":"status-publish","4":"has-post-thumbnail","6":"product_cat-capacetes","7":"product_cat-pro-tork","8":"pa_cor-preto","9":"pa_cor-vermelho","10":"pa_tamanho-74","11":"pa_tamanho-75","12":"pa_tamanho-76","14":"first","15":"instock","16":"shipping-taxable","17":"purchasable","18":"product-type-variable"},"_links":{"self":[{"href":"https:\/\/personalbiker.com.br\/lojapb\/wp-json\/wp\/v2\/product\/2540","targetHints":{"allow":["GET"]}}],"collection":[{"href":"https:\/\/personalbiker.com.br\/lojapb\/wp-json\/wp\/v2\/product"}],"about":[{"href":"https:\/\/personalbiker.com.br\/lojapb\/wp-json\/wp\/v2\/types\/product"}],"wp:featuredmedia":[{"embeddable":true,"href":"https:\/\/personalbiker.com.br\/lojapb\/wp-json\/wp\/v2\/media\/2554"}],"wp:attachment":[{"href":"https:\/\/personalbiker.com.br\/lojapb\/wp-json\/wp\/v2\/media?parent=2540"}],"wp:term":[{"taxonomy":"product_brand","embeddable":true,"href":"https:\/\/personalbiker.com.br\/lojapb\/wp-json\/wp\/v2\/product_brand?post=2540"},{"taxonomy":"product_cat","embeddable":true,"href":"https:\/\/personalbiker.com.br\/lojapb\/wp-json\/wp\/v2\/product_cat?post=2540"},{"taxonomy":"product_tag","embeddable":true,"href":"https:\/\/personalbiker.com.br\/lojapb\/wp-json\/wp\/v2\/product_tag?post=2540"}],"curies":[{"name":"wp","href":"https:\/\/api.w.org\/{rel}","templated":true}]}}