{"id":243,"date":"2014-10-18T09:46:33","date_gmt":"2014-10-18T09:46:33","guid":{"rendered":"http:\/\/personalbiker.com.br\/lojapb\/?product=quadriciclo-150-rcl"},"modified":"2019-10-01T08:52:51","modified_gmt":"2019-10-01T11:52:51","slug":"quadriciclo-150-rcl","status":"publish","type":"product","link":"https:\/\/personalbiker.com.br\/lojapb\/produto\/quadriciclo-150-rcl\/","title":{"rendered":"QUADRICICLO FORCE 150cc RCL (somente encomenda)"},"content":{"rendered":"<p>Consultar disponibilidade em nossa loja f\u00edsica. Trabalhamos por encomenda.<br \/>\nTipo4 tempos<\/p>\n<div>Cilindrada150 cc<\/div>\n<div>Di\u00e2metro X Curso<\/div>\n<div>Rela\u00e7\u00e3o de Compress\u00e3o<\/div>\n<div>Pot\u00eancia M\u00e1xima11 HP<\/div>\n<div>Torque M\u00e1ximo<\/div>\n<div>Embreagem<\/div>\n<div>Alimenta\u00e7\u00e3o GASOLINA<\/div>\n<div>Transmiss\u00e3o corrente<\/div>\n<div>C\u00e2mbio autom\u00e1tico (frente, r\u00e9 e neutro)<\/div>\n<div>\n<p>Sistema de Partida el\u00e9trica<\/p>\n<\/div>\n","protected":false},"excerpt":{"rendered":"<p>IMAGENS MERAMENTE ILUSTRATIVAS<\/p>\n<p>PRODUTO ENTREGUE SOB ENCOMENDA POR TRANSPORTADORA<\/p>\n<p>, FRETE POR CONTA DO COMPRADOR<\/p>\n","protected":false},"featured_media":2157,"template":"","meta":[],"product_brand":[],"product_cat":[288],"product_tag":[],"class_list":{"0":"post-243","1":"product","2":"type-product","3":"status-publish","4":"has-post-thumbnail","6":"product_cat-quadriciclo-infantil","7":"pa_cor-azul","8":"pa_cor-vermelho","10":"first","11":"outofstock","12":"product-type-variable"},"_links":{"self":[{"href":"https:\/\/personalbiker.com.br\/lojapb\/wp-json\/wp\/v2\/product\/243","targetHints":{"allow":["GET"]}}],"collection":[{"href":"https:\/\/personalbiker.com.br\/lojapb\/wp-json\/wp\/v2\/product"}],"about":[{"href":"https:\/\/personalbiker.com.br\/lojapb\/wp-json\/wp\/v2\/types\/product"}],"wp:featuredmedia":[{"embeddable":true,"href":"https:\/\/personalbiker.com.br\/lojapb\/wp-json\/wp\/v2\/media\/2157"}],"wp:attachment":[{"href":"https:\/\/personalbiker.com.br\/lojapb\/wp-json\/wp\/v2\/media?parent=243"}],"wp:term":[{"taxonomy":"product_brand","embeddable":true,"href":"https:\/\/personalbiker.com.br\/lojapb\/wp-json\/wp\/v2\/product_brand?post=243"},{"taxonomy":"product_cat","embeddable":true,"href":"https:\/\/personalbiker.com.br\/lojapb\/wp-json\/wp\/v2\/product_cat?post=243"},{"taxonomy":"product_tag","embeddable":true,"href":"https:\/\/personalbiker.com.br\/lojapb\/wp-json\/wp\/v2\/product_tag?post=243"}],"curies":[{"name":"wp","href":"https:\/\/api.w.org\/{rel}","templated":true}]}}