{"id":2387,"date":"2019-03-01T17:15:32","date_gmt":"2019-03-01T20:15:32","guid":{"rendered":"http:\/\/personalbiker.com.br\/lojapb\/?post_type=product&#038;p=2387"},"modified":"2022-08-17T16:27:26","modified_gmt":"2022-08-17T19:27:26","slug":"2387","status":"publish","type":"product","link":"https:\/\/personalbiker.com.br\/lojapb\/produto\/2387\/","title":{"rendered":"Capacete EBF NEW SPARK FLASH"},"content":{"rendered":"","protected":false},"excerpt":{"rendered":"<p>Forro: interior remov\u00edvel e lav\u00e1vel<br \/>\n\u2022 Viseira: injetada pela EBF em policarbonato de 2mm<br \/>\n\u2022 EPS: EPS com m\u00faltipla densidades e de forte resist\u00eancia ao impacto<br \/>\n\u2022 Engate: engate r\u00e1pido<\/p>\n<p>Especifica\u00e7\u00e3o T\u00e9cnica:<\/p>\n<p>Casco em ABS de Alto Impacto<br \/>\nViseira em Policarbonato com 2mm de Espessura<\/p>\n<p>imagens meramente ilustrativas<br \/>\nModelo Aberto<br \/>\nForro Antial\u00e9rgico<br \/>\nRevestimento Bicolor com Pluma<br \/>\nFechamento com Engate Microm\u00e9trico<br \/>\nCapacete Aprovado pelo INMETRO<br \/>\nInterior Remov\u00edvel e Lav\u00e1vel<br \/>\nEPS com m\u00faltipla densidades e de forte resist\u00eancia ao impacto<br \/>\nEngate r\u00e1pido<\/p>\n<p>OBS: Capacete certificado conforme as Portarias n.\u00ba456 e 333 do INMETRO e NBR 7471.<\/p>\n<p>imagens meramente ilustrativas<\/p>\n<p>&nbsp;<\/p>\n","protected":false},"featured_media":2390,"template":"","meta":[],"product_brand":[],"product_cat":[25,186],"product_tag":[],"class_list":{"0":"post-2387","1":"product","2":"type-product","3":"status-publish","4":"has-post-thumbnail","6":"product_cat-capacetes","7":"product_cat-ebf","8":"pa_cor-preto-fosco-prata","9":"pa_tamanho-74","11":"first","12":"outofstock","13":"shipping-taxable","14":"purchasable","15":"product-type-variable"},"_links":{"self":[{"href":"https:\/\/personalbiker.com.br\/lojapb\/wp-json\/wp\/v2\/product\/2387","targetHints":{"allow":["GET"]}}],"collection":[{"href":"https:\/\/personalbiker.com.br\/lojapb\/wp-json\/wp\/v2\/product"}],"about":[{"href":"https:\/\/personalbiker.com.br\/lojapb\/wp-json\/wp\/v2\/types\/product"}],"wp:featuredmedia":[{"embeddable":true,"href":"https:\/\/personalbiker.com.br\/lojapb\/wp-json\/wp\/v2\/media\/2390"}],"wp:attachment":[{"href":"https:\/\/personalbiker.com.br\/lojapb\/wp-json\/wp\/v2\/media?parent=2387"}],"wp:term":[{"taxonomy":"product_brand","embeddable":true,"href":"https:\/\/personalbiker.com.br\/lojapb\/wp-json\/wp\/v2\/product_brand?post=2387"},{"taxonomy":"product_cat","embeddable":true,"href":"https:\/\/personalbiker.com.br\/lojapb\/wp-json\/wp\/v2\/product_cat?post=2387"},{"taxonomy":"product_tag","embeddable":true,"href":"https:\/\/personalbiker.com.br\/lojapb\/wp-json\/wp\/v2\/product_tag?post=2387"}],"curies":[{"name":"wp","href":"https:\/\/api.w.org\/{rel}","templated":true}]}}