{"id":2376,"date":"2019-03-01T16:37:13","date_gmt":"2019-03-01T19:37:13","guid":{"rendered":"http:\/\/personalbiker.com.br\/lojapb\/?post_type=product&#038;p=2376"},"modified":"2019-05-02T14:06:05","modified_gmt":"2019-05-02T17:06:05","slug":"capacete-ebf-eox-spectro","status":"publish","type":"product","link":"https:\/\/personalbiker.com.br\/lojapb\/produto\/capacete-ebf-eox-spectro\/","title":{"rendered":"Capacete  EBF EOX SPECTRO"},"content":{"rendered":"","protected":false},"excerpt":{"rendered":"<p>roduzido em resina termopl\u00e1stica ABS + PC (policarbonato), o capacete New Spark Tech se caracteriza pela estrutura em PoliEX, de alta absor\u00e7\u00e3o a impactos e acabamento de alta qualidade, em pintura automotiva.<\/p>\n<p>Caracter\u00edsticas:<\/p>\n<p>&#8211; AERO DINAMIC<\/p>\n<p>Capacete aerodin\u00e2mico, em resina termopl\u00e1stica ABS + PC (policarbonato) com alta absor\u00e7\u00e3o de impacto<\/p>\n<p>&#8211; AIR ON<\/p>\n<p>Entradas de ar inferior e superior, a fim de amenizar a temperatura interna<\/p>\n<p>&#8211; AIR OFF<\/p>\n<p>Sa\u00edda de ar traseira garante ainda mais ventila\u00e7\u00e3o e direcionamento do fluxo de ar<\/p>\n<p>&#8211; SISTEMA ERGONO FIT<\/p>\n<p>A estrutura em PoliEX, permite o encaixe correto do capacete, deixando-o mais firme ao vestir<\/p>\n<p>&#8211; FECHO DE ENGATE R\u00c1PIDO<\/p>\n<p>O pr\u00e1tico engate r\u00e1pido (Fast Safety)<\/p>\n<p>&#8211; FORRO INTERNO TERMO MOLDADO<\/p>\n<p>Dutos especialmente desenhados para que o ar circule com facilidade<\/p>\n<p>&#8211; EPS DUPLA DENSIDADE<\/p>\n<p>O EPS desenvolvido em dupla densidade torna o capacete mais resistente a absor\u00e7\u00e3o de impactos<\/p>\n<p>&#8211; VEDA\u00c7\u00c3O 360\u00b0<\/p>\n<p>Capacete com veda\u00e7\u00e3o por todo o casco<\/p>\n<p>&#8211; NOISE REDUCTION<\/p>\n<p>Pel\u00edcula de borracha, que envolve o mecanismo da viseira, protegendo e evitando ru\u00eddos<\/p>\n<p>Informa\u00e7\u00f5es t\u00e9cnicas:<\/p>\n<p>&#8211; Conte\u00fado da Embalagem: 1 Capacete<\/p>\n<p>&#8211; Modelo: EBF E0X Spectro<\/p>\n<p>&#8211; Nome do fornecedor: EBF<\/p>\n<p>&#8211; Garantia de 90 dias contra defeito de fabrica\u00e7\u00e3o<\/p>\n<p>&#8211; Capacete aprovado pelo INMETRO, com selo autenticado<\/p>\n<p>&#8211; Cor: Branco e preto<\/p>\n<p>IMAGENS MERAMENTE ILUSTRATIVAS<\/p>\n","protected":false},"featured_media":2377,"template":"","meta":[],"product_brand":[],"product_cat":[186],"product_tag":[],"class_list":{"0":"post-2376","1":"product","2":"type-product","3":"status-publish","4":"has-post-thumbnail","6":"product_cat-ebf","7":"pa_cor-preto-branco","8":"pa_tamanho-74","10":"first","11":"outofstock","12":"shipping-taxable","13":"purchasable","14":"product-type-variable"},"_links":{"self":[{"href":"https:\/\/personalbiker.com.br\/lojapb\/wp-json\/wp\/v2\/product\/2376","targetHints":{"allow":["GET"]}}],"collection":[{"href":"https:\/\/personalbiker.com.br\/lojapb\/wp-json\/wp\/v2\/product"}],"about":[{"href":"https:\/\/personalbiker.com.br\/lojapb\/wp-json\/wp\/v2\/types\/product"}],"wp:featuredmedia":[{"embeddable":true,"href":"https:\/\/personalbiker.com.br\/lojapb\/wp-json\/wp\/v2\/media\/2377"}],"wp:attachment":[{"href":"https:\/\/personalbiker.com.br\/lojapb\/wp-json\/wp\/v2\/media?parent=2376"}],"wp:term":[{"taxonomy":"product_brand","embeddable":true,"href":"https:\/\/personalbiker.com.br\/lojapb\/wp-json\/wp\/v2\/product_brand?post=2376"},{"taxonomy":"product_cat","embeddable":true,"href":"https:\/\/personalbiker.com.br\/lojapb\/wp-json\/wp\/v2\/product_cat?post=2376"},{"taxonomy":"product_tag","embeddable":true,"href":"https:\/\/personalbiker.com.br\/lojapb\/wp-json\/wp\/v2\/product_tag?post=2376"}],"curies":[{"name":"wp","href":"https:\/\/api.w.org\/{rel}","templated":true}]}}