{"id":2368,"date":"2019-03-01T16:11:34","date_gmt":"2019-03-01T19:11:34","guid":{"rendered":"http:\/\/personalbiker.com.br\/lojapb\/?post_type=product&#038;p=2368"},"modified":"2022-08-17T16:28:09","modified_gmt":"2022-08-17T19:28:09","slug":"capacete-bicicleta-mtb-com-aba-com-vista-light-in-mold","status":"publish","type":"product","link":"https:\/\/personalbiker.com.br\/lojapb\/produto\/capacete-bicicleta-mtb-com-aba-com-vista-light-in-mold\/","title":{"rendered":"Capacete Bicicleta MTB com aba com vista Light In mold"},"content":{"rendered":"","protected":false},"excerpt":{"rendered":"<p>CAPACETE SOUTH MTB C\/REG C\/VISTA LIGHT IN MOLD PRETO BRILHO\/azul &#8211; UN<\/p>\n<p>Capacete South IN Mold Preto brilhante\/azul c\/Regulagem e Vista light<br \/>\nCapacete de Ciclismo recomendado para MTB ou Speed, possui 21entradas e sa\u00eddas de ar, possui regulagem de di\u00e2metro com sistema catraca LocWell na nuca que se ad\u00e9qua a tamanho de cabe\u00e7a 56 at\u00e9 62cm de circunfer\u00eancia.<br \/>\nPossui luz sinalizadora que pisca na roldana de ajuste atr\u00e1s do capacete.<br \/>\n\u00d3timo acabamento, processo de fabrica\u00e7\u00e3o Double in-mold, muito bonito e leve, pesa apenas 200g<br \/>\nPode ser usado com ou sem a viseira<br \/>\nTamanhos: M.Regulagem de 56 a 60cm e G 58 a 62.<\/p>\n<p>imagens meramente ilustrativas<\/p>\n","protected":false},"featured_media":2371,"template":"","meta":[],"product_brand":[],"product_cat":[25,238],"product_tag":[],"class_list":{"0":"post-2368","1":"product","2":"type-product","3":"status-publish","4":"has-post-thumbnail","6":"product_cat-capacetes","7":"product_cat-mtb","8":"pa_cor-preto","9":"pa_tamanho-g","11":"first","12":"outofstock","13":"shipping-taxable","14":"purchasable","15":"product-type-simple"},"_links":{"self":[{"href":"https:\/\/personalbiker.com.br\/lojapb\/wp-json\/wp\/v2\/product\/2368","targetHints":{"allow":["GET"]}}],"collection":[{"href":"https:\/\/personalbiker.com.br\/lojapb\/wp-json\/wp\/v2\/product"}],"about":[{"href":"https:\/\/personalbiker.com.br\/lojapb\/wp-json\/wp\/v2\/types\/product"}],"wp:featuredmedia":[{"embeddable":true,"href":"https:\/\/personalbiker.com.br\/lojapb\/wp-json\/wp\/v2\/media\/2371"}],"wp:attachment":[{"href":"https:\/\/personalbiker.com.br\/lojapb\/wp-json\/wp\/v2\/media?parent=2368"}],"wp:term":[{"taxonomy":"product_brand","embeddable":true,"href":"https:\/\/personalbiker.com.br\/lojapb\/wp-json\/wp\/v2\/product_brand?post=2368"},{"taxonomy":"product_cat","embeddable":true,"href":"https:\/\/personalbiker.com.br\/lojapb\/wp-json\/wp\/v2\/product_cat?post=2368"},{"taxonomy":"product_tag","embeddable":true,"href":"https:\/\/personalbiker.com.br\/lojapb\/wp-json\/wp\/v2\/product_tag?post=2368"}],"curies":[{"name":"wp","href":"https:\/\/api.w.org\/{rel}","templated":true}]}}