{"id":2344,"date":"2019-03-01T12:06:26","date_gmt":"2019-03-01T15:06:26","guid":{"rendered":"http:\/\/personalbiker.com.br\/lojapb\/?post_type=product&#038;p=2344"},"modified":"2022-07-01T10:11:53","modified_gmt":"2022-07-01T13:11:53","slug":"capacete-bicicleta-gta-adulto-com-led-inmold-18f","status":"publish","type":"product","link":"https:\/\/personalbiker.com.br\/lojapb\/produto\/capacete-bicicleta-gta-adulto-com-led-inmold-18f\/","title":{"rendered":"Capacete Bicicleta  GTA Adulto com Led INMOLD 18f"},"content":{"rendered":"","protected":false},"excerpt":{"rendered":"<p>Capacete Inmold mtb nx 54-58cm preto fosco 18 entradas de ar c\/ sinalizador Led<br \/>\ntamanho 54-58cm<br \/>\n18 entradas de ar<br \/>\nalmofadas internas remov\u00edveis<br \/>\nconstru\u00e7\u00e3o in mold<br \/>\nviseira remov\u00edvel<br \/>\nsinalizador incluso<br \/>\ncor: preto<br \/>\ncomposi\u00e7\u00e3o: eps, poli\u00e9ster, pvc, bateria<br \/>\nmarca: GTA<\/p>\n<p>imagens meramente ilustrativas<\/p>\n","protected":false},"featured_media":2349,"template":"","meta":[],"product_brand":[],"product_cat":[25,182],"product_tag":[],"class_list":{"0":"post-2344","1":"product","2":"type-product","3":"status-publish","4":"has-post-thumbnail","6":"product_cat-capacetes","7":"product_cat-gta","8":"pa_cor-preto-fosco","9":"pa_tamanho-g","11":"first","12":"outofstock","13":"shipping-taxable","14":"purchasable","15":"product-type-variable"},"_links":{"self":[{"href":"https:\/\/personalbiker.com.br\/lojapb\/wp-json\/wp\/v2\/product\/2344","targetHints":{"allow":["GET"]}}],"collection":[{"href":"https:\/\/personalbiker.com.br\/lojapb\/wp-json\/wp\/v2\/product"}],"about":[{"href":"https:\/\/personalbiker.com.br\/lojapb\/wp-json\/wp\/v2\/types\/product"}],"wp:featuredmedia":[{"embeddable":true,"href":"https:\/\/personalbiker.com.br\/lojapb\/wp-json\/wp\/v2\/media\/2349"}],"wp:attachment":[{"href":"https:\/\/personalbiker.com.br\/lojapb\/wp-json\/wp\/v2\/media?parent=2344"}],"wp:term":[{"taxonomy":"product_brand","embeddable":true,"href":"https:\/\/personalbiker.com.br\/lojapb\/wp-json\/wp\/v2\/product_brand?post=2344"},{"taxonomy":"product_cat","embeddable":true,"href":"https:\/\/personalbiker.com.br\/lojapb\/wp-json\/wp\/v2\/product_cat?post=2344"},{"taxonomy":"product_tag","embeddable":true,"href":"https:\/\/personalbiker.com.br\/lojapb\/wp-json\/wp\/v2\/product_tag?post=2344"}],"curies":[{"name":"wp","href":"https:\/\/api.w.org\/{rel}","templated":true}]}}