{"id":233,"date":"2014-10-16T14:26:52","date_gmt":"2014-10-16T14:26:52","guid":{"rendered":"http:\/\/personalbiker.com.br\/lojapb\/?product=jaqueta-texx"},"modified":"2022-08-19T16:48:39","modified_gmt":"2022-08-19T19:48:39","slug":"jaqueta-texx","status":"publish","type":"product","link":"https:\/\/personalbiker.com.br\/lojapb\/produto\/jaqueta-texx\/","title":{"rendered":"Jaqueta Texx"},"content":{"rendered":"","protected":false},"excerpt":{"rendered":"<p>Em Poli\u00e9ster 600D de alta resist\u00eancia e conforto;<\/p>\n<p>Sistema STOPWATER (100% imperme\u00e1vel);<\/p>\n<p>Os bolsos externos n\u00e3o s\u00e3o imperme\u00e1veis;<\/p>\n<p>Bolsos internos STOPWATER para documentos e celular;<\/p>\n<p>Refletivo SHINE, melhorando em 80% a visibilidade de outro condutor para o motociclista;<\/p>\n<p>Forro remov\u00edvel para uso nos dias mais quentes Tecido el\u00e1stico nas costas para maior movimenta\u00e7\u00e3o;<\/p>\n<p>Protetores EVOLUTION E.V.A. nos cotovelos e na coluna;<\/p>\n<p>Bot\u00f5es personalizados;<\/p>\n<p>Ajustes nos bra\u00e7os e na cintura;<\/p>\n<p>(Aten\u00e7\u00e3o: bolsos externos n\u00e3o imperme\u00e1veis).<\/p>\n<p>IMAGENS MERAMENTE ILUSTRATIVAS<\/p>\n","protected":false},"featured_media":5709,"template":"","meta":[],"product_brand":[],"product_cat":[27],"product_tag":[],"class_list":{"0":"post-233","1":"product","2":"type-product","3":"status-publish","4":"has-post-thumbnail","6":"product_cat-jaquetas-calcas","7":"pa_cor-preto","8":"pa_tamanho-4xl","10":"first","11":"outofstock","12":"purchasable","13":"product-type-variable"},"_links":{"self":[{"href":"https:\/\/personalbiker.com.br\/lojapb\/wp-json\/wp\/v2\/product\/233","targetHints":{"allow":["GET"]}}],"collection":[{"href":"https:\/\/personalbiker.com.br\/lojapb\/wp-json\/wp\/v2\/product"}],"about":[{"href":"https:\/\/personalbiker.com.br\/lojapb\/wp-json\/wp\/v2\/types\/product"}],"wp:featuredmedia":[{"embeddable":true,"href":"https:\/\/personalbiker.com.br\/lojapb\/wp-json\/wp\/v2\/media\/5709"}],"wp:attachment":[{"href":"https:\/\/personalbiker.com.br\/lojapb\/wp-json\/wp\/v2\/media?parent=233"}],"wp:term":[{"taxonomy":"product_brand","embeddable":true,"href":"https:\/\/personalbiker.com.br\/lojapb\/wp-json\/wp\/v2\/product_brand?post=233"},{"taxonomy":"product_cat","embeddable":true,"href":"https:\/\/personalbiker.com.br\/lojapb\/wp-json\/wp\/v2\/product_cat?post=233"},{"taxonomy":"product_tag","embeddable":true,"href":"https:\/\/personalbiker.com.br\/lojapb\/wp-json\/wp\/v2\/product_tag?post=233"}],"curies":[{"name":"wp","href":"https:\/\/api.w.org\/{rel}","templated":true}]}}