{"id":2317,"date":"2019-03-01T10:47:43","date_gmt":"2019-03-01T13:47:43","guid":{"rendered":"http:\/\/personalbiker.com.br\/lojapb\/?post_type=product&#038;p=2317"},"modified":"2022-07-01T10:13:10","modified_gmt":"2022-07-01T13:13:10","slug":"capacete-bicicleta-bob-burnquist-es083","status":"publish","type":"product","link":"https:\/\/personalbiker.com.br\/lojapb\/produto\/capacete-bicicleta-bob-burnquist-es083\/","title":{"rendered":"Capacete Bicicleta BOB BURNQUIST"},"content":{"rendered":"","protected":false},"excerpt":{"rendered":"<p>Caracter\u00edsticas:<br \/>\n&#8211; Produzido com materiais de alta qualidade, garantindo durabilidade ao produto e satisfa\u00e7\u00e3o ao usu\u00e1rio<br \/>\n&#8211; Forro remov\u00edvel<br \/>\n&#8211; Casco em EPS<br \/>\n&#8211; Entradas de ventila\u00e7\u00e3o<\/p>\n<p>Funcionalidade:<br \/>\n&#8211; ideal para a prote\u00e7\u00e3o da cabe\u00e7a na pr\u00e1tica de esportes radicais.<\/p>\n<p>Produto:<br \/>\n&#8211; Garante prote\u00e7\u00e3o e seguran\u00e7a ao usu\u00e1rio<br \/>\n&#8211; Ideal para todos os tipos de esportes radicais como skate, patins, entre outros<br \/>\n&#8211; O produto \u00e9 resistente e dur\u00e1vel, amortecendo a queda<br \/>\n&#8211; Ele conta com com design incr\u00edvel e sua cor Branca torna o produto \u00fanico<br \/>\n&#8211; Brinque e pratique esportes sem preocupa\u00e7\u00f5es<\/p>\n<p>Especifica\u00e7\u00e3o T\u00e9cnica:<br \/>\n&#8211; Tamanho: G<br \/>\n&#8211; Cor: PRETO<br \/>\n&#8211; Fabricante: Multilaser\/\u00c1trio<br \/>\n&#8211; Marca: bob Burnquist<br \/>\n&#8211; Modelo: ES083<br \/>\n&#8211; G\u00eanero: Unissex<br \/>\n&#8211; Mat\u00e9rial: Pl\u00e1stico\/ Casco em ABS<br \/>\n&#8211; Esporte: Prote\u00e7\u00e3o individual<br \/>\n&#8211; Refer\u00eancia: Capacete bob burnquist<br \/>\n&#8211; Tipo de capacete: Coquinho<br \/>\n&#8211; Ajuste: fivela de engate<br \/>\n&#8211; Material do forro: Espuma<br \/>\n&#8211; Peso: 410g<\/p>\n<p>&nbsp;<\/p>\n<p>IMAGENS MERAMENTE ILUSTRATIVAS<\/p>\n","protected":false},"featured_media":9963,"template":"","meta":[],"product_brand":[],"product_cat":[344,341],"product_tag":[],"class_list":{"0":"post-2317","1":"product","2":"type-product","3":"status-publish","4":"has-post-thumbnail","6":"product_cat-burnquist","7":"product_cat-capacete-ciclista","8":"pa_cor-branco","9":"pa_tamanho-p","11":"first","12":"instock","13":"shipping-taxable","14":"purchasable","15":"product-type-simple"},"_links":{"self":[{"href":"https:\/\/personalbiker.com.br\/lojapb\/wp-json\/wp\/v2\/product\/2317","targetHints":{"allow":["GET"]}}],"collection":[{"href":"https:\/\/personalbiker.com.br\/lojapb\/wp-json\/wp\/v2\/product"}],"about":[{"href":"https:\/\/personalbiker.com.br\/lojapb\/wp-json\/wp\/v2\/types\/product"}],"wp:featuredmedia":[{"embeddable":true,"href":"https:\/\/personalbiker.com.br\/lojapb\/wp-json\/wp\/v2\/media\/9963"}],"wp:attachment":[{"href":"https:\/\/personalbiker.com.br\/lojapb\/wp-json\/wp\/v2\/media?parent=2317"}],"wp:term":[{"taxonomy":"product_brand","embeddable":true,"href":"https:\/\/personalbiker.com.br\/lojapb\/wp-json\/wp\/v2\/product_brand?post=2317"},{"taxonomy":"product_cat","embeddable":true,"href":"https:\/\/personalbiker.com.br\/lojapb\/wp-json\/wp\/v2\/product_cat?post=2317"},{"taxonomy":"product_tag","embeddable":true,"href":"https:\/\/personalbiker.com.br\/lojapb\/wp-json\/wp\/v2\/product_tag?post=2317"}],"curies":[{"name":"wp","href":"https:\/\/api.w.org\/{rel}","templated":true}]}}