{"id":2311,"date":"2019-03-01T09:18:25","date_gmt":"2019-03-01T12:18:25","guid":{"rendered":"http:\/\/personalbiker.com.br\/lojapb\/?post_type=product&#038;p=2311"},"modified":"2019-11-11T15:37:19","modified_gmt":"2019-11-11T18:37:19","slug":"capacete-bicicleta-com-led-atrio-mtb-bi137","status":"publish","type":"product","link":"https:\/\/personalbiker.com.br\/lojapb\/produto\/capacete-bicicleta-com-led-atrio-mtb-bi137\/","title":{"rendered":"Capacete  Bicicleta Com Led ou Outmold Atrio  &#8211; Bi136"},"content":{"rendered":"","protected":false},"excerpt":{"rendered":"<p>Com o Capacete com MTB Grafite com Led BI136 da Atrio, voc\u00ea alia conforto e seguran\u00e7a aos seus passeios de Bike. Sabemos que nos dias atuais pedalar deixou de ser apenas uma atividade de laser t\u00edpica dos finais de semana, e passou a uma op\u00e7\u00e3o de transporte. As vantagens de aderir a essa alternativa s\u00e3o in\u00fameras, utilizar a bicicleta como meio de locomo\u00e7\u00e3o \u00e9 apontado como uma escolha, ecologicamente correta, al\u00e9m de mais barata, sem contar no b\u00f4nus de manter uma vida mais ativa e saud\u00e1vel. Para aproveitar todas essas vantagens sem correr riscos de acidentes, \u00e9 imprescind\u00edvel investir em equipamentos de seguran\u00e7a, desenvolvido exclusivamente para bicicleta, esse modelo possui Led torna mais f\u00e1cil a visualiza\u00e7\u00e3o do ciclista no transito, ajudando a evitar riscos. Possui Casco fabricado em policarbonato com furos que proporcionam refrigera\u00e7\u00e3o, seu confort\u00e1vel forro aveludado remov\u00edvel, que facilita a higieniza\u00e7\u00e3o. Disp\u00f5e tamb\u00e9m de viseira que ajuda a proteger o rosto de raios solares, e tamb\u00e9m sistema de ajuste com presilhas em nylon.<\/p>\n<p>Curta os passeios de Bike de forma segura e confort\u00e1vel, clique e pe\u00e7a j\u00e1 o seu!<\/p>\n<p>Especifica\u00e7\u00f5es:<br \/>\n&#8211; C\u00f3digo de referencia: BI136;<br \/>\n&#8211; Tamanho: M<br \/>\n&#8211; Led Refletor<br \/>\n&#8211; Composi\u00e7\u00e3o do Material: PVC EPS;<br \/>\n&#8211; Casco com 16 furos para melhor refrigera\u00e7\u00e3o;<br \/>\n&#8211; Dimens\u00f5es aproximadas: 35,7 x 38x 8;<br \/>\n&#8211; Peso Aproximado: 285 gr;<br \/>\n&#8211; G\u00eanero: unissex;<br \/>\n&#8211; Cor: grafite.<\/p>\n<p>Importante:<br \/>\nGarantia: 3 meses<br \/>\nMarca: Atrio<\/p>\n<p>imagens meramente ilustrativas<\/p>\n","protected":false},"featured_media":2312,"template":"","meta":[],"product_brand":[],"product_cat":[15],"product_tag":[],"class_list":{"0":"post-2311","1":"product","2":"type-product","3":"status-publish","4":"has-post-thumbnail","6":"product_cat-sem-categoria","7":"pa_cor-grafite","8":"pa_tamanho-m","10":"first","11":"outofstock","12":"shipping-taxable","13":"purchasable","14":"product-type-variable"},"_links":{"self":[{"href":"https:\/\/personalbiker.com.br\/lojapb\/wp-json\/wp\/v2\/product\/2311","targetHints":{"allow":["GET"]}}],"collection":[{"href":"https:\/\/personalbiker.com.br\/lojapb\/wp-json\/wp\/v2\/product"}],"about":[{"href":"https:\/\/personalbiker.com.br\/lojapb\/wp-json\/wp\/v2\/types\/product"}],"wp:featuredmedia":[{"embeddable":true,"href":"https:\/\/personalbiker.com.br\/lojapb\/wp-json\/wp\/v2\/media\/2312"}],"wp:attachment":[{"href":"https:\/\/personalbiker.com.br\/lojapb\/wp-json\/wp\/v2\/media?parent=2311"}],"wp:term":[{"taxonomy":"product_brand","embeddable":true,"href":"https:\/\/personalbiker.com.br\/lojapb\/wp-json\/wp\/v2\/product_brand?post=2311"},{"taxonomy":"product_cat","embeddable":true,"href":"https:\/\/personalbiker.com.br\/lojapb\/wp-json\/wp\/v2\/product_cat?post=2311"},{"taxonomy":"product_tag","embeddable":true,"href":"https:\/\/personalbiker.com.br\/lojapb\/wp-json\/wp\/v2\/product_tag?post=2311"}],"curies":[{"name":"wp","href":"https:\/\/api.w.org\/{rel}","templated":true}]}}