{"id":2271,"date":"2019-02-28T14:51:40","date_gmt":"2019-02-28T17:51:40","guid":{"rendered":"http:\/\/personalbiker.com.br\/lojapb\/?post_type=product&#038;p=2271"},"modified":"2022-08-19T16:16:41","modified_gmt":"2022-08-19T19:16:41","slug":"capacete-bicicleta-pro-junior-c-regulagem","status":"publish","type":"product","link":"https:\/\/personalbiker.com.br\/lojapb\/produto\/capacete-bicicleta-pro-junior-c-regulagem\/","title":{"rendered":"Capacete Bicicleta pro junior c\/ regulagem"},"content":{"rendered":"","protected":false},"excerpt":{"rendered":"<ul>\n<li>Capacete Infantil Pr\u00f3 J\u00fanior\u00a0em EPS preto;<\/li>\n<li>Revestimento em PVC;<\/li>\n<li>Sistema de ajuste com regulador;<\/li>\n<li>05 entradas de ar;<\/li>\n<li>O Capacete de ciclismo \u00e9 um importante item de seguran\u00e7a na prote\u00e7\u00e3o do ciclista. Capacete Ciclismo Infantil Pro Junior Preto .Bicicletas s\u00e3o excelentes para manter a forma e fugir do tr\u00e2nsito das grandes cidades, mas se n\u00e3o forem tomados os cuidados com a seguran\u00e7a o passeio ou o trajeto de bicicleta\u00a0 pode sair muito caro. Dessa forma, tenha sempre contigo, um capacete de prote\u00e7\u00e3o.Principais Caracter\u00edsticas- Marca:PTK<br \/>\n&#8211; Modelo: Pro Junior<br \/>\n&#8211;\u00a0Poliestireno Expandido (estrutura Styrofoam)<br \/>\n&#8211;\u00a0Tamanho c\/ regulagem: P ( 48 &#8211; 54 cm)<br \/>\n&#8211; Viseira: Remov\u00edvel<br \/>\n&#8211; Pode Ser Usado Para Mtb\/Speed<br \/>\n&#8211; Entradas de ar: 05<br \/>\n&#8211; Cor: Preto\/ Grafite<br \/>\n&#8211; Peso: 175g<\/li>\n<\/ul>\n","protected":false},"featured_media":2282,"template":"","meta":[],"product_brand":[],"product_cat":[20],"product_tag":[],"class_list":{"0":"post-2271","1":"product","2":"type-product","3":"status-publish","4":"has-post-thumbnail","6":"product_cat-capacetes-infantil","7":"pa_cor-branco-azul-rosa","8":"pa_tamanho-p","10":"first","11":"instock","12":"shipping-taxable","13":"purchasable","14":"product-type-variable"},"_links":{"self":[{"href":"https:\/\/personalbiker.com.br\/lojapb\/wp-json\/wp\/v2\/product\/2271","targetHints":{"allow":["GET"]}}],"collection":[{"href":"https:\/\/personalbiker.com.br\/lojapb\/wp-json\/wp\/v2\/product"}],"about":[{"href":"https:\/\/personalbiker.com.br\/lojapb\/wp-json\/wp\/v2\/types\/product"}],"wp:featuredmedia":[{"embeddable":true,"href":"https:\/\/personalbiker.com.br\/lojapb\/wp-json\/wp\/v2\/media\/2282"}],"wp:attachment":[{"href":"https:\/\/personalbiker.com.br\/lojapb\/wp-json\/wp\/v2\/media?parent=2271"}],"wp:term":[{"taxonomy":"product_brand","embeddable":true,"href":"https:\/\/personalbiker.com.br\/lojapb\/wp-json\/wp\/v2\/product_brand?post=2271"},{"taxonomy":"product_cat","embeddable":true,"href":"https:\/\/personalbiker.com.br\/lojapb\/wp-json\/wp\/v2\/product_cat?post=2271"},{"taxonomy":"product_tag","embeddable":true,"href":"https:\/\/personalbiker.com.br\/lojapb\/wp-json\/wp\/v2\/product_tag?post=2271"}],"curies":[{"name":"wp","href":"https:\/\/api.w.org\/{rel}","templated":true}]}}