{"id":223,"date":"2013-07-19T18:24:18","date_gmt":"2013-07-19T18:24:18","guid":{"rendered":"http:\/\/personalbiker.com.br\/lojapb\/?product=patinete-eletrico"},"modified":"2019-03-21T12:55:26","modified_gmt":"2019-03-21T15:55:26","slug":"patinete-eletrico","status":"publish","type":"product","link":"https:\/\/personalbiker.com.br\/lojapb\/produto\/patinete-eletrico\/","title":{"rendered":"Patinete El\u00e9trico"},"content":{"rendered":"<p>Motor: El\u00e9trico 36v<br \/>\nPot\u00eancia: 1000w<br \/>\nVelocidade M\u00e1xima: 40km\/h<br \/>\nAutonomia: at\u00e9 90min<br \/>\nCarga M\u00e1xima: 100kg<br \/>\nRodas Liga-leve: aro-4<br \/>\nFreio: Disco: Disco(Duplo)<br \/>\nPeso: 40kg<br \/>\nComprimento: 120cm<br \/>\nDISPON\u00cdVEL NA COR BRANCA<\/p>\n","protected":false},"excerpt":{"rendered":"<p>Motor: El\u00e9trico 36v Pot\u00eancia: 1000w Velocidade M\u00e1xima: 40km\/h Autonomia: at\u00e9 90min Carga M\u00e1xima: 100kg Rodas Liga-leve: aro-4 Freio: Disco: Disco(Duplo) Peso: 40kg Comprimento: 120cm DISPON\u00cdVEL NA COR BRANCA<\/p>\n","protected":false},"featured_media":222,"template":"","meta":[],"product_brand":[],"product_cat":[35],"product_tag":[],"class_list":{"0":"post-223","1":"product","2":"type-product","3":"status-publish","4":"has-post-thumbnail","6":"product_cat-patinetes","8":"first","9":"outofstock","10":"purchasable","11":"product-type-simple"},"_links":{"self":[{"href":"https:\/\/personalbiker.com.br\/lojapb\/wp-json\/wp\/v2\/product\/223","targetHints":{"allow":["GET"]}}],"collection":[{"href":"https:\/\/personalbiker.com.br\/lojapb\/wp-json\/wp\/v2\/product"}],"about":[{"href":"https:\/\/personalbiker.com.br\/lojapb\/wp-json\/wp\/v2\/types\/product"}],"wp:featuredmedia":[{"embeddable":true,"href":"https:\/\/personalbiker.com.br\/lojapb\/wp-json\/wp\/v2\/media\/222"}],"wp:attachment":[{"href":"https:\/\/personalbiker.com.br\/lojapb\/wp-json\/wp\/v2\/media?parent=223"}],"wp:term":[{"taxonomy":"product_brand","embeddable":true,"href":"https:\/\/personalbiker.com.br\/lojapb\/wp-json\/wp\/v2\/product_brand?post=223"},{"taxonomy":"product_cat","embeddable":true,"href":"https:\/\/personalbiker.com.br\/lojapb\/wp-json\/wp\/v2\/product_cat?post=223"},{"taxonomy":"product_tag","embeddable":true,"href":"https:\/\/personalbiker.com.br\/lojapb\/wp-json\/wp\/v2\/product_tag?post=223"}],"curies":[{"name":"wp","href":"https:\/\/api.w.org\/{rel}","templated":true}]}}