{"id":2229,"date":"2019-02-28T11:21:09","date_gmt":"2019-02-28T14:21:09","guid":{"rendered":"http:\/\/personalbiker.com.br\/lojapb\/?post_type=product&#038;p=2229"},"modified":"2022-08-19T16:18:37","modified_gmt":"2022-08-19T19:18:37","slug":"capacete-infantil-cross-pro-tork-insane","status":"publish","type":"product","link":"https:\/\/personalbiker.com.br\/lojapb\/produto\/capacete-infantil-cross-pro-tork-insane\/","title":{"rendered":"Capacete Infantil Cross Pro Tork  Insane 5"},"content":{"rendered":"","protected":false},"excerpt":{"rendered":"<p>Injetado em Abs, proporciona uma seguran\u00e7a e prote\u00e7\u00e3o contra poss\u00edveis quedas e les\u00f5es, com certeza o Capacete Infantil Cross Kids Pro Tork \u00e9 a escolha certa para o seu filho.<\/p>\n<p>Informa\u00e7\u00f5es Capacete Infantil Cross:<\/p>\n<p>Cor predominante: Verde;<br \/>\nInjetado em Abs;<br \/>\nForro Remov\u00edvel;<br \/>\nDesign arrojado e estiloso;<br \/>\nForra\u00e7\u00e3o anti-al\u00e9rgica;<br \/>\nMais leve da categoria;<br \/>\nFabricante: Pro Tork;<\/p>\n<p>imagens meramente ilustrativas<\/p>\n","protected":false},"featured_media":2233,"template":"","meta":[],"product_brand":[],"product_cat":[20],"product_tag":[],"class_list":{"0":"post-2229","1":"product","2":"type-product","3":"status-publish","4":"has-post-thumbnail","6":"product_cat-capacetes-infantil","7":"pa_cor-lilas","8":"pa_tamanho-77","10":"first","11":"instock","12":"shipping-taxable","13":"purchasable","14":"product-type-variable"},"_links":{"self":[{"href":"https:\/\/personalbiker.com.br\/lojapb\/wp-json\/wp\/v2\/product\/2229","targetHints":{"allow":["GET"]}}],"collection":[{"href":"https:\/\/personalbiker.com.br\/lojapb\/wp-json\/wp\/v2\/product"}],"about":[{"href":"https:\/\/personalbiker.com.br\/lojapb\/wp-json\/wp\/v2\/types\/product"}],"wp:featuredmedia":[{"embeddable":true,"href":"https:\/\/personalbiker.com.br\/lojapb\/wp-json\/wp\/v2\/media\/2233"}],"wp:attachment":[{"href":"https:\/\/personalbiker.com.br\/lojapb\/wp-json\/wp\/v2\/media?parent=2229"}],"wp:term":[{"taxonomy":"product_brand","embeddable":true,"href":"https:\/\/personalbiker.com.br\/lojapb\/wp-json\/wp\/v2\/product_brand?post=2229"},{"taxonomy":"product_cat","embeddable":true,"href":"https:\/\/personalbiker.com.br\/lojapb\/wp-json\/wp\/v2\/product_cat?post=2229"},{"taxonomy":"product_tag","embeddable":true,"href":"https:\/\/personalbiker.com.br\/lojapb\/wp-json\/wp\/v2\/product_tag?post=2229"}],"curies":[{"name":"wp","href":"https:\/\/api.w.org\/{rel}","templated":true}]}}