{"id":2210,"date":"2019-02-27T13:45:17","date_gmt":"2019-02-27T16:45:17","guid":{"rendered":"http:\/\/personalbiker.com.br\/lojapb\/?post_type=product&#038;p=2210"},"modified":"2019-02-27T13:45:19","modified_gmt":"2019-02-27T16:45:19","slug":"base-eixo-dianteiro-skate-gasolina-224","status":"publish","type":"product","link":"https:\/\/personalbiker.com.br\/lojapb\/produto\/base-eixo-dianteiro-skate-gasolina-224\/","title":{"rendered":"Base Eixo  Dianteiro SKATE  Gasolina 224"},"content":{"rendered":"<table class=\"shop_attributes\">\n<tbody>\n<tr>\n<th>PESO<\/th>\n<td class=\"product_weight\">0.600 kg<\/td>\n<\/tr>\n<tr>\n<th>DIMENS\u00d5ES<\/th>\n<td class=\"product_dimensions\">20 \u00d7 16 \u00d7 12 cm<\/td>\n<\/tr>\n<\/tbody>\n<\/table>\n","protected":false},"excerpt":{"rendered":"<p>PESO 0.600 kg DIMENS\u00d5ES 20 \u00d7 16 \u00d7 12 cm<\/p>\n","protected":false},"featured_media":2212,"template":"","meta":[],"product_brand":[],"product_cat":[177],"product_tag":[],"class_list":{"0":"post-2210","1":"product","2":"type-product","3":"status-publish","4":"has-post-thumbnail","6":"product_cat-acessorios-p-baus","8":"first","9":"instock","10":"shipping-taxable","11":"purchasable","12":"product-type-simple"},"_links":{"self":[{"href":"https:\/\/personalbiker.com.br\/lojapb\/wp-json\/wp\/v2\/product\/2210","targetHints":{"allow":["GET"]}}],"collection":[{"href":"https:\/\/personalbiker.com.br\/lojapb\/wp-json\/wp\/v2\/product"}],"about":[{"href":"https:\/\/personalbiker.com.br\/lojapb\/wp-json\/wp\/v2\/types\/product"}],"wp:featuredmedia":[{"embeddable":true,"href":"https:\/\/personalbiker.com.br\/lojapb\/wp-json\/wp\/v2\/media\/2212"}],"wp:attachment":[{"href":"https:\/\/personalbiker.com.br\/lojapb\/wp-json\/wp\/v2\/media?parent=2210"}],"wp:term":[{"taxonomy":"product_brand","embeddable":true,"href":"https:\/\/personalbiker.com.br\/lojapb\/wp-json\/wp\/v2\/product_brand?post=2210"},{"taxonomy":"product_cat","embeddable":true,"href":"https:\/\/personalbiker.com.br\/lojapb\/wp-json\/wp\/v2\/product_cat?post=2210"},{"taxonomy":"product_tag","embeddable":true,"href":"https:\/\/personalbiker.com.br\/lojapb\/wp-json\/wp\/v2\/product_tag?post=2210"}],"curies":[{"name":"wp","href":"https:\/\/api.w.org\/{rel}","templated":true}]}}