{"id":221,"date":"2013-07-19T18:21:48","date_gmt":"2013-07-19T18:21:48","guid":{"rendered":"http:\/\/personalbiker.com.br\/lojapb\/?product=carve-motor-49cc"},"modified":"2019-05-20T16:08:53","modified_gmt":"2019-05-20T19:08:53","slug":"carve-motor-49cc","status":"publish","type":"product","link":"https:\/\/personalbiker.com.br\/lojapb\/produto\/carve-motor-49cc\/","title":{"rendered":"Carve Motor 49cc"},"content":{"rendered":"<p>Motor: 49cc\/2-Tempos<br \/>\nPot\u00eancia: 2,5 HP<br \/>\nTra\u00e7\u00e3o: 4*1<br \/>\nTransmiss\u00e3o: 1- marcha autom\u00e1tico<br \/>\nVelocidade M\u00e1xima: 35 Km\/h<br \/>\nConsumo: 35 km\/l<br \/>\nTanque Combust\u00edvel: 1 Litro<br \/>\nAutonomia: 35 Km<br \/>\nCombust\u00edvel: Gasolina\/\u00d3leo 2T<br \/>\nCarga M\u00e1xima: 100 Kg<br \/>\nPeso: 23 Kg<br \/>\nFreios: Tambor<br \/>\nPartida: Manual<\/p>\n","protected":false},"excerpt":{"rendered":"<p>Motor: 49cc\/2-Tempos Pot\u00eancia: 2,5 HP Tra\u00e7\u00e3o: 4*1 Transmiss\u00e3o: 1- marcha autom\u00e1tico Velocidade M\u00e1xima: 35 Km\/h Consumo: 35 km\/l Tanque Combust\u00edvel: 1 Litro Autonomia: 35 Km Combust\u00edvel: Gasolina\/\u00d3leo 2T Carga M\u00e1xima: 100 Kg Peso: 23 Kg Freios: Tambor Partida: Manual<\/p>\n","protected":false},"featured_media":220,"template":"","meta":[],"product_brand":[],"product_cat":[42],"product_tag":[],"class_list":{"0":"post-221","1":"product","2":"type-product","3":"status-publish","4":"has-post-thumbnail","6":"product_cat-skates","8":"first","9":"outofstock","10":"purchasable","11":"product-type-simple"},"_links":{"self":[{"href":"https:\/\/personalbiker.com.br\/lojapb\/wp-json\/wp\/v2\/product\/221","targetHints":{"allow":["GET"]}}],"collection":[{"href":"https:\/\/personalbiker.com.br\/lojapb\/wp-json\/wp\/v2\/product"}],"about":[{"href":"https:\/\/personalbiker.com.br\/lojapb\/wp-json\/wp\/v2\/types\/product"}],"wp:featuredmedia":[{"embeddable":true,"href":"https:\/\/personalbiker.com.br\/lojapb\/wp-json\/wp\/v2\/media\/220"}],"wp:attachment":[{"href":"https:\/\/personalbiker.com.br\/lojapb\/wp-json\/wp\/v2\/media?parent=221"}],"wp:term":[{"taxonomy":"product_brand","embeddable":true,"href":"https:\/\/personalbiker.com.br\/lojapb\/wp-json\/wp\/v2\/product_brand?post=221"},{"taxonomy":"product_cat","embeddable":true,"href":"https:\/\/personalbiker.com.br\/lojapb\/wp-json\/wp\/v2\/product_cat?post=221"},{"taxonomy":"product_tag","embeddable":true,"href":"https:\/\/personalbiker.com.br\/lojapb\/wp-json\/wp\/v2\/product_tag?post=221"}],"curies":[{"name":"wp","href":"https:\/\/api.w.org\/{rel}","templated":true}]}}