{"id":2204,"date":"2019-02-27T13:23:45","date_gmt":"2019-02-27T16:23:45","guid":{"rendered":"http:\/\/personalbiker.com.br\/lojapb\/?post_type=product&#038;p=2204"},"modified":"2022-08-15T13:20:50","modified_gmt":"2022-08-15T16:20:50","slug":"base-compativel-com-xre-300-para-bau-28l-45l-pro-tork-su-192hp","status":"publish","type":"product","link":"https:\/\/personalbiker.com.br\/lojapb\/produto\/base-compativel-com-xre-300-para-bau-28l-45l-pro-tork-su-192hp\/","title":{"rendered":"Base compat\u00edvel com XRE 300 PARA BAU 28L\/45L PRO TORK SU 192HP"},"content":{"rendered":"<p>Instalado junto ao bagageiro original da motocicleta e tem como principal fun\u00e7\u00e3o fixar o Ba\u00fa de 28 L, 30 L e 45 L;<br \/>\n\u2022 Feito em A\u00e7o Carbono;<br \/>\n\u2022 F\u00e1cil instala\u00e7\u00e3o;<br \/>\n\u2022 Pintura em Preto Ep\u00f3xi;<br \/>\n\u2022 Acompanha parafusos;<br \/>\n\u2022 Sem necessidade de nenhuma adapta\u00e7\u00e3o na moto;<br \/>\n\u2022 Fabricante: Pro Tork.<\/p>\n","protected":false},"excerpt":{"rendered":"<p>Instalado junto ao bagageiro original da motocicleta e tem como principal fun\u00e7\u00e3o fixar o Ba\u00fa de 28 L, 30 L e 45 L; \u2022 Feito em A\u00e7o Carbono; \u2022 F\u00e1cil instala\u00e7\u00e3o; \u2022 Pintura em Preto Ep\u00f3xi; \u2022 Acompanha parafusos; \u2022 Sem necessidade de nenhuma adapta\u00e7\u00e3o na moto; \u2022 Fabricante: Pro Tork.<\/p>\n","protected":false},"featured_media":3411,"template":"","meta":[],"product_brand":[],"product_cat":[177],"product_tag":[],"class_list":{"0":"post-2204","1":"product","2":"type-product","3":"status-publish","4":"has-post-thumbnail","6":"product_cat-acessorios-p-baus","8":"first","9":"outofstock","10":"shipping-taxable","11":"purchasable","12":"product-type-simple"},"_links":{"self":[{"href":"https:\/\/personalbiker.com.br\/lojapb\/wp-json\/wp\/v2\/product\/2204","targetHints":{"allow":["GET"]}}],"collection":[{"href":"https:\/\/personalbiker.com.br\/lojapb\/wp-json\/wp\/v2\/product"}],"about":[{"href":"https:\/\/personalbiker.com.br\/lojapb\/wp-json\/wp\/v2\/types\/product"}],"wp:featuredmedia":[{"embeddable":true,"href":"https:\/\/personalbiker.com.br\/lojapb\/wp-json\/wp\/v2\/media\/3411"}],"wp:attachment":[{"href":"https:\/\/personalbiker.com.br\/lojapb\/wp-json\/wp\/v2\/media?parent=2204"}],"wp:term":[{"taxonomy":"product_brand","embeddable":true,"href":"https:\/\/personalbiker.com.br\/lojapb\/wp-json\/wp\/v2\/product_brand?post=2204"},{"taxonomy":"product_cat","embeddable":true,"href":"https:\/\/personalbiker.com.br\/lojapb\/wp-json\/wp\/v2\/product_cat?post=2204"},{"taxonomy":"product_tag","embeddable":true,"href":"https:\/\/personalbiker.com.br\/lojapb\/wp-json\/wp\/v2\/product_tag?post=2204"}],"curies":[{"name":"wp","href":"https:\/\/api.w.org\/{rel}","templated":true}]}}