{"id":2200,"date":"2019-02-27T13:13:10","date_gmt":"2019-02-27T16:13:10","guid":{"rendered":"http:\/\/personalbiker.com.br\/lojapb\/?post_type=product&#038;p=2200"},"modified":"2022-08-15T13:22:30","modified_gmt":"2022-08-15T16:22:30","slug":"base-compativel-nxr-160-bross-2015-bau-28-e-45-litros-pro-tork","status":"publish","type":"product","link":"https:\/\/personalbiker.com.br\/lojapb\/produto\/base-compativel-nxr-160-bross-2015-bau-28-e-45-litros-pro-tork\/","title":{"rendered":"Base Compat\u00edvel NXR 160 BROSS 2015 BAU 28 E 45 Litros  Pro Tork"},"content":{"rendered":"<p>Base Para Bauletos Pro Tork Smart Box 28 \/ 45 Litros<br \/>\nAcess\u00f3rio de reposi\u00e7\u00e3o para bauletos Pro Tork Modelo Smart Box .<br \/>\nAcompanha: Base inferior, base superior e 4 presilhas de fixa\u00e7\u00e3o.<br \/>\nNo ato da compra informar se \u00e9 para bau 28 ou 45 litros.<br \/>\nPRODUTO A PRONTA ENTREGA<\/p>\n<p>IMAGENS MERAMENTE ILUSTRATIVAS<\/p>\n","protected":false},"excerpt":{"rendered":"<p>Base Para Bauletos Pro Tork Smart Box 28 \/ 45 Litros Acess\u00f3rio de reposi\u00e7\u00e3o para bauletos Pro Tork Modelo Smart Box . Acompanha: Base inferior, base superior e 4 presilhas de fixa\u00e7\u00e3o. No ato da compra informar se \u00e9 para bau 28 ou 45 litros. PRODUTO A PRONTA ENTREGA IMAGENS MERAMENTE ILUSTRATIVAS<\/p>\n","protected":false},"featured_media":2203,"template":"","meta":[],"product_brand":[],"product_cat":[177],"product_tag":[],"class_list":{"0":"post-2200","1":"product","2":"type-product","3":"status-publish","4":"has-post-thumbnail","6":"product_cat-acessorios-p-baus","8":"first","9":"instock","10":"shipping-taxable","11":"purchasable","12":"product-type-simple"},"_links":{"self":[{"href":"https:\/\/personalbiker.com.br\/lojapb\/wp-json\/wp\/v2\/product\/2200","targetHints":{"allow":["GET"]}}],"collection":[{"href":"https:\/\/personalbiker.com.br\/lojapb\/wp-json\/wp\/v2\/product"}],"about":[{"href":"https:\/\/personalbiker.com.br\/lojapb\/wp-json\/wp\/v2\/types\/product"}],"wp:featuredmedia":[{"embeddable":true,"href":"https:\/\/personalbiker.com.br\/lojapb\/wp-json\/wp\/v2\/media\/2203"}],"wp:attachment":[{"href":"https:\/\/personalbiker.com.br\/lojapb\/wp-json\/wp\/v2\/media?parent=2200"}],"wp:term":[{"taxonomy":"product_brand","embeddable":true,"href":"https:\/\/personalbiker.com.br\/lojapb\/wp-json\/wp\/v2\/product_brand?post=2200"},{"taxonomy":"product_cat","embeddable":true,"href":"https:\/\/personalbiker.com.br\/lojapb\/wp-json\/wp\/v2\/product_cat?post=2200"},{"taxonomy":"product_tag","embeddable":true,"href":"https:\/\/personalbiker.com.br\/lojapb\/wp-json\/wp\/v2\/product_tag?post=2200"}],"curies":[{"name":"wp","href":"https:\/\/api.w.org\/{rel}","templated":true}]}}