{"id":219,"date":"2013-07-19T18:18:54","date_gmt":"2013-07-19T18:18:54","guid":{"rendered":"http:\/\/personalbiker.com.br\/lojapb\/?product=sk8-tronik-800w"},"modified":"2019-05-20T16:14:28","modified_gmt":"2019-05-20T19:14:28","slug":"sk8-tronik-800w","status":"publish","type":"product","link":"https:\/\/personalbiker.com.br\/lojapb\/produto\/sk8-tronik-800w\/","title":{"rendered":"Sk8 Tronik 800w"},"content":{"rendered":"<p>Motor: El\u00e9trico 36 Volts<br \/>\nPot\u00eancia: 800 Watts<br \/>\nTra\u00e7\u00e3o: 4*1<br \/>\nVelocidade M\u00e1xima: 35 Km\/l<br \/>\nAutonomia: at\u00e9 90 min<br \/>\nTempo recarga (max):\u00a0 06-08 Horas<br \/>\nBateria: 12v\/14ah. 3 p\u00e7s<br \/>\nCarga M\u00e1xima: 100 Kg<br \/>\nPeso: 33 Kg<\/p>\n","protected":false},"excerpt":{"rendered":"<p>Motor: El\u00e9trico 36 Volts Pot\u00eancia: 800 Watts Tra\u00e7\u00e3o: 4*1 Velocidade M\u00e1xima: 35 Km\/l Autonomia: at\u00e9 90 min Tempo recarga (max):\u00a0 06-08 Horas Bateria: 12v\/14ah. 3 p\u00e7s Carga M\u00e1xima: 100 Kg Peso: 33 Kg<\/p>\n","protected":false},"featured_media":218,"template":"","meta":[],"product_brand":[],"product_cat":[42],"product_tag":[],"class_list":{"0":"post-219","1":"product","2":"type-product","3":"status-publish","4":"has-post-thumbnail","6":"product_cat-skates","8":"first","9":"outofstock","10":"purchasable","11":"product-type-simple"},"_links":{"self":[{"href":"https:\/\/personalbiker.com.br\/lojapb\/wp-json\/wp\/v2\/product\/219","targetHints":{"allow":["GET"]}}],"collection":[{"href":"https:\/\/personalbiker.com.br\/lojapb\/wp-json\/wp\/v2\/product"}],"about":[{"href":"https:\/\/personalbiker.com.br\/lojapb\/wp-json\/wp\/v2\/types\/product"}],"wp:featuredmedia":[{"embeddable":true,"href":"https:\/\/personalbiker.com.br\/lojapb\/wp-json\/wp\/v2\/media\/218"}],"wp:attachment":[{"href":"https:\/\/personalbiker.com.br\/lojapb\/wp-json\/wp\/v2\/media?parent=219"}],"wp:term":[{"taxonomy":"product_brand","embeddable":true,"href":"https:\/\/personalbiker.com.br\/lojapb\/wp-json\/wp\/v2\/product_brand?post=219"},{"taxonomy":"product_cat","embeddable":true,"href":"https:\/\/personalbiker.com.br\/lojapb\/wp-json\/wp\/v2\/product_cat?post=219"},{"taxonomy":"product_tag","embeddable":true,"href":"https:\/\/personalbiker.com.br\/lojapb\/wp-json\/wp\/v2\/product_tag?post=219"}],"curies":[{"name":"wp","href":"https:\/\/api.w.org\/{rel}","templated":true}]}}