{"id":2118,"date":"2019-02-25T17:44:17","date_gmt":"2019-02-25T20:44:17","guid":{"rendered":"http:\/\/personalbiker.com.br\/lojapb\/?post_type=product&#038;p=2118"},"modified":"2022-08-15T13:24:43","modified_gmt":"2022-08-15T16:24:43","slug":"base-28l-bau-28l-pro-tork-03a","status":"publish","type":"product","link":"https:\/\/personalbiker.com.br\/lojapb\/produto\/base-28l-bau-28l-pro-tork-03a\/","title":{"rendered":"BASE 28L BAU 28L PRO TORK 03A"},"content":{"rendered":"<h2 class=\"main-section__title item-description__title\"><\/h2>\n<div id=\"description-includes\" class=\"item-description__content \">\n<div class=\"item-description__text\">\n<p>Base para Suporte<\/p>\n<p>\u2022 Instalado junto ao bagageiro original da motocicleta e tem como principal fun\u00e7\u00e3o fixar o Ba\u00fa de 45 L;<br \/>\n\u2022 Feito em A\u00e7o Carbono;<br \/>\n\u2022 F\u00e1cil instala\u00e7\u00e3o;<br \/>\n\u2022 Pintura em Preto Ep\u00f3xi;<br \/>\n\u2022 Acompanha parafusos;<br \/>\n\u2022 Sem necessidade de nenhuma adapta\u00e7\u00e3o na moto;<br \/>\n\u2022 Fabricante: Pro Tork<\/p>\n<p>IMAGENS MERAMENTE ILUSTRATIVAS<\/p>\n<\/div>\n<\/div>\n","protected":false},"excerpt":{"rendered":"<p>Base para Suporte \u2022 Instalado junto ao bagageiro original da motocicleta e tem como principal fun\u00e7\u00e3o fixar o Ba\u00fa de 45 L; \u2022 Feito em A\u00e7o Carbono; \u2022 F\u00e1cil instala\u00e7\u00e3o; \u2022 Pintura em Preto Ep\u00f3xi; \u2022 Acompanha parafusos; \u2022 Sem necessidade de nenhuma adapta\u00e7\u00e3o na moto; \u2022 Fabricante: Pro Tork IMAGENS MERAMENTE ILUSTRATIVAS<\/p>\n","protected":false},"featured_media":3401,"template":"","meta":[],"product_brand":[],"product_cat":[177],"product_tag":[],"class_list":{"0":"post-2118","1":"product","2":"type-product","3":"status-publish","4":"has-post-thumbnail","6":"product_cat-acessorios-p-baus","8":"first","9":"outofstock","10":"shipping-taxable","11":"purchasable","12":"product-type-simple"},"_links":{"self":[{"href":"https:\/\/personalbiker.com.br\/lojapb\/wp-json\/wp\/v2\/product\/2118","targetHints":{"allow":["GET"]}}],"collection":[{"href":"https:\/\/personalbiker.com.br\/lojapb\/wp-json\/wp\/v2\/product"}],"about":[{"href":"https:\/\/personalbiker.com.br\/lojapb\/wp-json\/wp\/v2\/types\/product"}],"wp:featuredmedia":[{"embeddable":true,"href":"https:\/\/personalbiker.com.br\/lojapb\/wp-json\/wp\/v2\/media\/3401"}],"wp:attachment":[{"href":"https:\/\/personalbiker.com.br\/lojapb\/wp-json\/wp\/v2\/media?parent=2118"}],"wp:term":[{"taxonomy":"product_brand","embeddable":true,"href":"https:\/\/personalbiker.com.br\/lojapb\/wp-json\/wp\/v2\/product_brand?post=2118"},{"taxonomy":"product_cat","embeddable":true,"href":"https:\/\/personalbiker.com.br\/lojapb\/wp-json\/wp\/v2\/product_cat?post=2118"},{"taxonomy":"product_tag","embeddable":true,"href":"https:\/\/personalbiker.com.br\/lojapb\/wp-json\/wp\/v2\/product_tag?post=2118"}],"curies":[{"name":"wp","href":"https:\/\/api.w.org\/{rel}","templated":true}]}}