{"id":2105,"date":"2019-02-25T16:13:38","date_gmt":"2019-02-25T19:13:38","guid":{"rendered":"http:\/\/personalbiker.com.br\/lojapb\/?post_type=product&#038;p=2105"},"modified":"2023-06-06T10:37:04","modified_gmt":"2023-06-06T13:37:04","slug":"bau-moto-boy-135l-o2bc","status":"publish","type":"product","link":"https:\/\/personalbiker.com.br\/lojapb\/produto\/bau-moto-boy-135l-o2bc\/","title":{"rendered":"BAU MOTO BOY 135L O2BC"},"content":{"rendered":"","protected":false},"excerpt":{"rendered":"<p>Especifica\u00e7\u00f5es Especifica\u00e7\u00f5es do Ba\u00fa:<br \/>\nCapacidade de 135 Litros<br \/>\nProduto injetado em mat\u00e9ria prima PP (deve ser instalado com o suporte para o ba\u00fa, que n\u00e3o acompanha)<br \/>\nPerfeito acabamento<\/p>\n<p>Medidas Interna e Capacidade:<br \/>\nAltura: 59 cm<br \/>\nLargura:62 cm<br \/>\nComprimento: 58 cm<br \/>\nProfundidade: 51cm<br \/>\nA Boca do Bau: 48 x 47 cm Contando do Tamanho da Abertura do Bau<\/p>\n<p>&nbsp;<\/p>\n<p>IMAGENS MERAMENTE ILUSTRATIVAS<\/p>\n","protected":false},"featured_media":3448,"template":"","meta":[],"product_brand":[],"product_cat":[39],"product_tag":[],"class_list":{"0":"post-2105","1":"product","2":"type-product","3":"status-publish","4":"has-post-thumbnail","6":"product_cat-baus-bauletos","7":"pa_cor-branco","9":"first","10":"outofstock","11":"shipping-taxable","12":"purchasable","13":"product-type-variable"},"_links":{"self":[{"href":"https:\/\/personalbiker.com.br\/lojapb\/wp-json\/wp\/v2\/product\/2105","targetHints":{"allow":["GET"]}}],"collection":[{"href":"https:\/\/personalbiker.com.br\/lojapb\/wp-json\/wp\/v2\/product"}],"about":[{"href":"https:\/\/personalbiker.com.br\/lojapb\/wp-json\/wp\/v2\/types\/product"}],"wp:featuredmedia":[{"embeddable":true,"href":"https:\/\/personalbiker.com.br\/lojapb\/wp-json\/wp\/v2\/media\/3448"}],"wp:attachment":[{"href":"https:\/\/personalbiker.com.br\/lojapb\/wp-json\/wp\/v2\/media?parent=2105"}],"wp:term":[{"taxonomy":"product_brand","embeddable":true,"href":"https:\/\/personalbiker.com.br\/lojapb\/wp-json\/wp\/v2\/product_brand?post=2105"},{"taxonomy":"product_cat","embeddable":true,"href":"https:\/\/personalbiker.com.br\/lojapb\/wp-json\/wp\/v2\/product_cat?post=2105"},{"taxonomy":"product_tag","embeddable":true,"href":"https:\/\/personalbiker.com.br\/lojapb\/wp-json\/wp\/v2\/product_tag?post=2105"}],"curies":[{"name":"wp","href":"https:\/\/api.w.org\/{rel}","templated":true}]}}