{"id":2079,"date":"2019-02-25T15:18:14","date_gmt":"2019-02-25T18:18:14","guid":{"rendered":"http:\/\/personalbiker.com.br\/lojapb\/?post_type=product&#038;p=2079"},"modified":"2019-10-07T10:33:57","modified_gmt":"2019-10-07T13:33:57","slug":"bau-41l-proos-azul-ou-vermelho","status":"publish","type":"product","link":"https:\/\/personalbiker.com.br\/lojapb\/produto\/bau-41l-proos-azul-ou-vermelho\/","title":{"rendered":"BAU 41L PROOS"},"content":{"rendered":"","protected":false},"excerpt":{"rendered":"<p>Principais caracter\u00edsticas:<\/p>\n<p>&#8211; Dimens\u00e3o: 36cm largura x 45cm profundidade x 43cm altura;<\/p>\n<p>&#8211; Acompanha kit parafusos e base para a fixa\u00e7\u00e3o do ba\u00fa;<\/p>\n<p>&#8211; Carca\u00e7a altamente refor\u00e7ada em polipropileno;<\/p>\n<p>&#8211; Injetado em mat\u00e9ria prima PP polipropileno;<\/p>\n<p>&#8211; Capacidade: 41 litros de espa\u00e7o interno;<\/p>\n<p>&#8211; Peso m\u00e1ximo: 3 quilos de carga interna;<\/p>\n<p>&#8211; Dispon\u00edvel na cor: VERMELHA<\/p>\n<p>&#8211; Lente com defletor traseiro;<\/p>\n<p>&#8211; Fechadura com 2 chaves;<\/p>\n<p>&#8211; Produto 100% nacional;<\/p>\n<p>&#8211; Fabricante: PROOS;<\/p>\n<p>IMAGENS MERAMENTE ILUSTRATIVAS<\/p>\n","protected":false},"featured_media":7275,"template":"","meta":[],"product_brand":[],"product_cat":[39],"product_tag":[],"class_list":{"0":"post-2079","1":"product","2":"type-product","3":"status-publish","4":"has-post-thumbnail","6":"product_cat-baus-bauletos","7":"pa_cor-vermelho","8":"pa_tamanho-41l","10":"first","11":"outofstock","12":"shipping-taxable","13":"purchasable","14":"product-type-variable"},"_links":{"self":[{"href":"https:\/\/personalbiker.com.br\/lojapb\/wp-json\/wp\/v2\/product\/2079","targetHints":{"allow":["GET"]}}],"collection":[{"href":"https:\/\/personalbiker.com.br\/lojapb\/wp-json\/wp\/v2\/product"}],"about":[{"href":"https:\/\/personalbiker.com.br\/lojapb\/wp-json\/wp\/v2\/types\/product"}],"wp:featuredmedia":[{"embeddable":true,"href":"https:\/\/personalbiker.com.br\/lojapb\/wp-json\/wp\/v2\/media\/7275"}],"wp:attachment":[{"href":"https:\/\/personalbiker.com.br\/lojapb\/wp-json\/wp\/v2\/media?parent=2079"}],"wp:term":[{"taxonomy":"product_brand","embeddable":true,"href":"https:\/\/personalbiker.com.br\/lojapb\/wp-json\/wp\/v2\/product_brand?post=2079"},{"taxonomy":"product_cat","embeddable":true,"href":"https:\/\/personalbiker.com.br\/lojapb\/wp-json\/wp\/v2\/product_cat?post=2079"},{"taxonomy":"product_tag","embeddable":true,"href":"https:\/\/personalbiker.com.br\/lojapb\/wp-json\/wp\/v2\/product_tag?post=2079"}],"curies":[{"name":"wp","href":"https:\/\/api.w.org\/{rel}","templated":true}]}}