{"id":2058,"date":"2019-02-25T14:35:32","date_gmt":"2019-02-25T17:35:32","guid":{"rendered":"http:\/\/personalbiker.com.br\/lojapb\/?post_type=product&#038;p=2058"},"modified":"2022-05-02T16:01:02","modified_gmt":"2022-05-02T19:01:02","slug":"bau-33l-gow","status":"publish","type":"product","link":"https:\/\/personalbiker.com.br\/lojapb\/produto\/bau-33l-gow\/","title":{"rendered":"BAU 33L GOW"},"content":{"rendered":"<p>Ba\u00fa GOW G33<\/p>\n<p>Confeccionado em pl\u00e1stico injetado de alta resist\u00eancia, possui um design moderno.<\/p>\n<p>Bra\u00e7o interno para apoio da tampa quando aberta<br \/>\nRefletor grande para melhor visualiza\u00e7\u00e3o a noite<br \/>\nBot\u00e3o para remo\u00e7\u00e3o r\u00e1pida do Bauleto<br \/>\n2 Chaves<br \/>\nAcompanha base para fixa\u00e7\u00e3o<\/p>\n<p>Capacidade Interna: 33 Litros.<\/p>\n<p>Medidas: 40 cm x 30 cm x 25 cm<\/p>\n<p>Marca: GOW<\/p>\n<p>Modelo: G33 Litros<\/p>\n<p>IMAGENS MERAMENTE\u00a0 ILUSTRATIVAS<\/p>\n","protected":false},"excerpt":{"rendered":"<p>Ba\u00fa GOW G33 Confeccionado em pl\u00e1stico injetado de alta resist\u00eancia, possui um design moderno. Bra\u00e7o interno para apoio da tampa quando aberta Refletor grande para melhor visualiza\u00e7\u00e3o a noite Bot\u00e3o para remo\u00e7\u00e3o r\u00e1pida do Bauleto 2 Chaves Acompanha base para fixa\u00e7\u00e3o Capacidade Interna: 33 Litros. Medidas: 40 cm x 30 cm x 25 cm Marca: [&#8230;]\n","protected":false},"featured_media":2061,"template":"","meta":[],"product_brand":[],"product_cat":[39],"product_tag":[],"class_list":{"0":"post-2058","1":"product","2":"type-product","3":"status-publish","4":"has-post-thumbnail","6":"product_cat-baus-bauletos","8":"first","9":"outofstock","10":"shipping-taxable","11":"purchasable","12":"product-type-simple"},"_links":{"self":[{"href":"https:\/\/personalbiker.com.br\/lojapb\/wp-json\/wp\/v2\/product\/2058","targetHints":{"allow":["GET"]}}],"collection":[{"href":"https:\/\/personalbiker.com.br\/lojapb\/wp-json\/wp\/v2\/product"}],"about":[{"href":"https:\/\/personalbiker.com.br\/lojapb\/wp-json\/wp\/v2\/types\/product"}],"wp:featuredmedia":[{"embeddable":true,"href":"https:\/\/personalbiker.com.br\/lojapb\/wp-json\/wp\/v2\/media\/2061"}],"wp:attachment":[{"href":"https:\/\/personalbiker.com.br\/lojapb\/wp-json\/wp\/v2\/media?parent=2058"}],"wp:term":[{"taxonomy":"product_brand","embeddable":true,"href":"https:\/\/personalbiker.com.br\/lojapb\/wp-json\/wp\/v2\/product_brand?post=2058"},{"taxonomy":"product_cat","embeddable":true,"href":"https:\/\/personalbiker.com.br\/lojapb\/wp-json\/wp\/v2\/product_cat?post=2058"},{"taxonomy":"product_tag","embeddable":true,"href":"https:\/\/personalbiker.com.br\/lojapb\/wp-json\/wp\/v2\/product_tag?post=2058"}],"curies":[{"name":"wp","href":"https:\/\/api.w.org\/{rel}","templated":true}]}}