{"id":2053,"date":"2019-02-25T14:24:38","date_gmt":"2019-02-25T17:24:38","guid":{"rendered":"http:\/\/personalbiker.com.br\/lojapb\/?post_type=product&#038;p=2053"},"modified":"2022-09-16T08:02:26","modified_gmt":"2022-09-16T11:02:26","slug":"bau-26l-proos-vermelho","status":"publish","type":"product","link":"https:\/\/personalbiker.com.br\/lojapb\/produto\/bau-26l-proos-vermelho\/","title":{"rendered":"BAU 26L PROOS VERMELHO"},"content":{"rendered":"<p>Principais caracter\u00edsticas:<\/p>\n<p>&#8211; Dimens\u00e3o: 40cm largura x 40cm profundidade x 31cm altura;<\/p>\n<p>&#8211; Acompanha kit parafusos e base para a fixa\u00e7\u00e3o do ba\u00fa;<\/p>\n<p>&#8211; Carca\u00e7a altamente refor\u00e7ada em polipropileno;<\/p>\n<p>&#8211; Injetado em mat\u00e9ria prima PP polipropileno;<\/p>\n<p>&#8211; Capacidade: 26 litros de espa\u00e7o interno;<\/p>\n<p>&#8211; Peso m\u00e1ximo: 3 quilos de carga interna;<\/p>\n<p>&#8211; Dispon\u00edvel na cor: preto e vermelho;<\/p>\n<p>&#8211; Lente com defletor traseiro;<\/p>\n<p>&#8211; Fechadura com 2 chaves;<\/p>\n<p>&#8211; Produto 100% nacional;<\/p>\n<p>IMAGENS MERAMENTE ILUSTRATIVAS<\/p>\n","protected":false},"excerpt":{"rendered":"<p>Principais caracter\u00edsticas: &#8211; Dimens\u00e3o: 40cm largura x 40cm profundidade x 31cm altura; &#8211; Acompanha kit parafusos e base para a fixa\u00e7\u00e3o do ba\u00fa; &#8211; Carca\u00e7a altamente refor\u00e7ada em polipropileno; &#8211; Injetado em mat\u00e9ria prima PP polipropileno; &#8211; Capacidade: 26 litros de espa\u00e7o interno; &#8211; Peso m\u00e1ximo: 3 quilos de carga interna; &#8211; Dispon\u00edvel na cor: [&#8230;]\n","protected":false},"featured_media":3449,"template":"","meta":[],"product_brand":[],"product_cat":[39],"product_tag":[],"class_list":{"0":"post-2053","1":"product","2":"type-product","3":"status-publish","4":"has-post-thumbnail","6":"product_cat-baus-bauletos","8":"first","9":"outofstock","10":"shipping-taxable","11":"purchasable","12":"product-type-simple"},"_links":{"self":[{"href":"https:\/\/personalbiker.com.br\/lojapb\/wp-json\/wp\/v2\/product\/2053","targetHints":{"allow":["GET"]}}],"collection":[{"href":"https:\/\/personalbiker.com.br\/lojapb\/wp-json\/wp\/v2\/product"}],"about":[{"href":"https:\/\/personalbiker.com.br\/lojapb\/wp-json\/wp\/v2\/types\/product"}],"wp:featuredmedia":[{"embeddable":true,"href":"https:\/\/personalbiker.com.br\/lojapb\/wp-json\/wp\/v2\/media\/3449"}],"wp:attachment":[{"href":"https:\/\/personalbiker.com.br\/lojapb\/wp-json\/wp\/v2\/media?parent=2053"}],"wp:term":[{"taxonomy":"product_brand","embeddable":true,"href":"https:\/\/personalbiker.com.br\/lojapb\/wp-json\/wp\/v2\/product_brand?post=2053"},{"taxonomy":"product_cat","embeddable":true,"href":"https:\/\/personalbiker.com.br\/lojapb\/wp-json\/wp\/v2\/product_cat?post=2053"},{"taxonomy":"product_tag","embeddable":true,"href":"https:\/\/personalbiker.com.br\/lojapb\/wp-json\/wp\/v2\/product_tag?post=2053"}],"curies":[{"name":"wp","href":"https:\/\/api.w.org\/{rel}","templated":true}]}}