{"id":2033,"date":"2019-02-25T12:34:11","date_gmt":"2019-02-25T15:34:11","guid":{"rendered":"http:\/\/personalbiker.com.br\/lojapb\/?post_type=product&#038;p=2033"},"modified":"2024-11-25T11:30:01","modified_gmt":"2024-11-25T14:30:01","slug":"bau-45l-protork-lente-de-cristal","status":"publish","type":"product","link":"https:\/\/personalbiker.com.br\/lojapb\/produto\/bau-45l-protork-lente-de-cristal\/","title":{"rendered":"BAU 45L Protork Lente VERMELHA"},"content":{"rendered":"","protected":false},"excerpt":{"rendered":"<div>Possui sistema pratico de abertura e conta uma firme fixa\u00e7\u00e3o r\u00e1pida, \u00a0pode ser instalado em qualquer moto que possua bagageiro, al\u00e9m disso, possui refletor traseiro e um design moderno, valoriza\u00e7\u00e3o o visual da sua moto.<\/div>\n<div><\/div>\n<div>O bauleto Smart Box \u00e9 Fabricado em inje\u00e7\u00e3o de PP (polipropileno) de alta qualidade, facilita o transporte alem de proteger seus pertences isolando da chuva.<\/div>\n<div><\/div>\n<div>Voc\u00ea ainda pode remover o bau com um simples aperto no bot\u00e3o de engate r\u00e1pido.<\/div>\n<div>\n<ul>\n<li>Capacidade de\u00a0 45 litros;<\/li>\n<li>Acompanha base fixadora, kit parafuso e fechadura com chave.<\/li>\n<li>Ba\u00fa Pro Tork 45 Litros- Capacidade: 45 litros (Equivale a 2 capacetes);<br \/>\n&#8211; Fechadura com chave (Completa);<br \/>\n&#8211; Lente com defletor traseiro;<br \/>\n&#8211; Injetado em mat\u00e9ria prima PP (Polipropileno);<br \/>\n&#8211; Tamanho aproximado: 59cm x 45cm x 29cm (Comprimento x Largura x Altura);<br \/>\n&#8211; Recomenda instalar o produto no bagageiro em a\u00e7o;<br \/>\n&#8211; N\u00e3o acompanha bagageiro;<br \/>\n&#8211; Acompanha parafusos e base para fixa\u00e7\u00e3o;<br \/>\n&#8211; Fabricante: Pro Tork;<br \/>\n&#8211; Garantia de 90 dias contra defeito de fabrica\u00e7\u00e3o.Base para Suporte- Instalado junto ao bagageiro original da motocicleta e tem como principal fun\u00e7\u00e3o fixar o Ba\u00fa<br \/>\n&#8211; Fabricado em PP;<br \/>\n&#8211; F\u00e1cil instala\u00e7\u00e3o;<br \/>\n&#8211; Pintura em Preto Ep\u00f3xi;<br \/>\n&#8211; Acompanha parafusos;<br \/>\n&#8211; Sem necessidade de nenhuma adapta\u00e7\u00e3o na moto;<br \/>\n&#8211; Fabricante: Pro Tork.<\/li>\n<\/ul>\n<p>imagens meramente ilustrativas<\/p>\n<\/div>\n","protected":false},"featured_media":9538,"template":"","meta":[],"product_brand":[],"product_cat":[39],"product_tag":[],"class_list":{"0":"post-2033","1":"product","2":"type-product","3":"status-publish","4":"has-post-thumbnail","6":"product_cat-baus-bauletos","7":"pa_cor-lente-vermelha","8":"pa_tamanho-45l","10":"first","11":"outofstock","12":"shipping-taxable","13":"purchasable","14":"product-type-variable"},"_links":{"self":[{"href":"https:\/\/personalbiker.com.br\/lojapb\/wp-json\/wp\/v2\/product\/2033","targetHints":{"allow":["GET"]}}],"collection":[{"href":"https:\/\/personalbiker.com.br\/lojapb\/wp-json\/wp\/v2\/product"}],"about":[{"href":"https:\/\/personalbiker.com.br\/lojapb\/wp-json\/wp\/v2\/types\/product"}],"wp:featuredmedia":[{"embeddable":true,"href":"https:\/\/personalbiker.com.br\/lojapb\/wp-json\/wp\/v2\/media\/9538"}],"wp:attachment":[{"href":"https:\/\/personalbiker.com.br\/lojapb\/wp-json\/wp\/v2\/media?parent=2033"}],"wp:term":[{"taxonomy":"product_brand","embeddable":true,"href":"https:\/\/personalbiker.com.br\/lojapb\/wp-json\/wp\/v2\/product_brand?post=2033"},{"taxonomy":"product_cat","embeddable":true,"href":"https:\/\/personalbiker.com.br\/lojapb\/wp-json\/wp\/v2\/product_cat?post=2033"},{"taxonomy":"product_tag","embeddable":true,"href":"https:\/\/personalbiker.com.br\/lojapb\/wp-json\/wp\/v2\/product_tag?post=2033"}],"curies":[{"name":"wp","href":"https:\/\/api.w.org\/{rel}","templated":true}]}}