{"id":195,"date":"2013-05-31T15:43:36","date_gmt":"2013-05-31T15:43:36","guid":{"rendered":"http:\/\/personalbiker.com.br\/lojapb\/?product=bobina-cdi"},"modified":"2022-08-16T14:11:52","modified_gmt":"2022-08-16T17:11:52","slug":"bobina-cdi-1","status":"publish","type":"product","link":"https:\/\/personalbiker.com.br\/lojapb\/produto\/bobina-cdi-1\/","title":{"rendered":"BOBINA CDI MOSKITO 1021"},"content":{"rendered":"","protected":false},"excerpt":{"rendered":"<p>f\u00e1cil de instalar.<br \/>\n2.se encaixa para a maioria motor, motorizada, bicicletas bicicleta.<br \/>\n3.a bobina de igni\u00e7\u00e3o para ajuste 50cc 60cc 66cc 80cc motor de 2 tempos.<br \/>\n4.esta bobina pode melhorar a efici\u00eancia de combust\u00e3o, fortalecer o desempenho el\u00e9trico.<\/p>\n","protected":false},"featured_media":194,"template":"","meta":[],"product_brand":[],"product_cat":[41],"product_tag":[],"class_list":{"0":"post-195","1":"product","2":"type-product","3":"status-publish","4":"has-post-thumbnail","6":"product_cat-pecas-moskito","8":"first","9":"instock","10":"purchasable","11":"product-type-simple"},"_links":{"self":[{"href":"https:\/\/personalbiker.com.br\/lojapb\/wp-json\/wp\/v2\/product\/195","targetHints":{"allow":["GET"]}}],"collection":[{"href":"https:\/\/personalbiker.com.br\/lojapb\/wp-json\/wp\/v2\/product"}],"about":[{"href":"https:\/\/personalbiker.com.br\/lojapb\/wp-json\/wp\/v2\/types\/product"}],"wp:featuredmedia":[{"embeddable":true,"href":"https:\/\/personalbiker.com.br\/lojapb\/wp-json\/wp\/v2\/media\/194"}],"wp:attachment":[{"href":"https:\/\/personalbiker.com.br\/lojapb\/wp-json\/wp\/v2\/media?parent=195"}],"wp:term":[{"taxonomy":"product_brand","embeddable":true,"href":"https:\/\/personalbiker.com.br\/lojapb\/wp-json\/wp\/v2\/product_brand?post=195"},{"taxonomy":"product_cat","embeddable":true,"href":"https:\/\/personalbiker.com.br\/lojapb\/wp-json\/wp\/v2\/product_cat?post=195"},{"taxonomy":"product_tag","embeddable":true,"href":"https:\/\/personalbiker.com.br\/lojapb\/wp-json\/wp\/v2\/product_tag?post=195"}],"curies":[{"name":"wp","href":"https:\/\/api.w.org\/{rel}","templated":true}]}}