{"id":193,"date":"2013-01-16T19:04:41","date_gmt":"2013-01-16T19:04:41","guid":{"rendered":"http:\/\/personalbiker.com.br\/lojapb\/?product=quadriciclo-250cc"},"modified":"2019-10-01T08:54:27","modified_gmt":"2019-10-01T11:54:27","slug":"quadriciclo-250cc","status":"publish","type":"product","link":"https:\/\/personalbiker.com.br\/lojapb\/produto\/quadriciclo-250cc\/","title":{"rendered":"Quadriciclo 250cc (somente encomenda)"},"content":{"rendered":"<p>Especifica\u00e7\u00f5es:<br \/>\nMOTOR: 250cc &#8211; 4 tempos<br \/>\nCOMBUST\u00cdVEL: Gasolina<br \/>\nCAPACIDADE TANQUE: Aprox. 10 L<\/p>\n<p>EMBREAGEM: Sim\/Manual<br \/>\nACIONAMENTO: Partida el\u00e9trica<br \/>\nACELERADOR: Polegar<br \/>\nFREIOS: Disco<br \/>\nMARCHAS: 4 + r\u00e9 e neutro<\/p>\n<p>POTENCIA MAX (KW\/RPM) : 6.8 KW \/ 8000 r\/min<br \/>\nTORQUE MAX (KW\/RPM) : 8.6 NM \/ 6000 r\/min<br \/>\nCARGA M\u00c1XIMA: 150kg<br \/>\nPNEUS DIANTEIROS: 23 x 7 &#8211; 10<br \/>\nPNEUS TRASEIROS: 22 x 10 &#8211; 10<\/p>\n<p>DIMENS\u00d5ES: 180X 118 X 119 cm<br \/>\nCAIXA: 180X 118 X 119 cm<br \/>\nALTURA ASSENTO<\/p>\n<div class=\"row\">\n<div class=\"col-md-3\"><\/div>\n<div class=\"col-md-12\">\n<table style=\"height: 18px\" width=\"869\">\n<tbody>\n<tr valign=\"middle\">\n<td nowrap=\"nowrap\"><\/td>\n<\/tr>\n<\/tbody>\n<\/table>\n<\/div>\n<div class=\"col-md-12\">\n<table width=\"100%\">\n<tbody>\n<tr valign=\"middle\">\n<td nowrap=\"nowrap\"><b>Peso do Produto<\/b><\/td>\n<\/tr>\n<\/tbody>\n<\/table>\n<\/div>\n<div class=\"col-md-3\">\n<table>\n<tbody>\n<tr valign=\"middle\">\n<td><img decoding=\"async\" src=\"https:\/\/www.agrotama.com.br\/img\/icon_descricao\/peso.jpg\" \/><\/td>\n<td>170,00 kg<\/td>\n<\/tr>\n<\/tbody>\n<\/table>\n<\/div>\n<\/div>\n","protected":false},"excerpt":{"rendered":"<p>Especifica\u00e7\u00f5es: MOTOR: 250cc &#8211; 4 tempos COMBUST\u00cdVEL: Gasolina CAPACIDADE TANQUE: Aprox. 10 L EMBREAGEM: Sim\/Manual ACIONAMENTO: Partida el\u00e9trica ACELERADOR: Polegar FREIOS: Disco MARCHAS: 4 + r\u00e9 e neutro POTENCIA MAX (KW\/RPM) : 6.8 KW \/ 8000 r\/min TORQUE MAX (KW\/RPM) : 8.6 NM \/ 6000 r\/min CARGA M\u00c1XIMA: 150kg PNEUS DIANTEIROS: 23 x 7 &#8211; [&#8230;]\n","protected":false},"featured_media":2190,"template":"","meta":[],"product_brand":[],"product_cat":[288],"product_tag":[],"class_list":{"0":"post-193","1":"product","2":"type-product","3":"status-publish","4":"has-post-thumbnail","6":"product_cat-quadriciclo-infantil","8":"first","9":"outofstock","10":"purchasable","11":"product-type-simple"},"_links":{"self":[{"href":"https:\/\/personalbiker.com.br\/lojapb\/wp-json\/wp\/v2\/product\/193","targetHints":{"allow":["GET"]}}],"collection":[{"href":"https:\/\/personalbiker.com.br\/lojapb\/wp-json\/wp\/v2\/product"}],"about":[{"href":"https:\/\/personalbiker.com.br\/lojapb\/wp-json\/wp\/v2\/types\/product"}],"wp:featuredmedia":[{"embeddable":true,"href":"https:\/\/personalbiker.com.br\/lojapb\/wp-json\/wp\/v2\/media\/2190"}],"wp:attachment":[{"href":"https:\/\/personalbiker.com.br\/lojapb\/wp-json\/wp\/v2\/media?parent=193"}],"wp:term":[{"taxonomy":"product_brand","embeddable":true,"href":"https:\/\/personalbiker.com.br\/lojapb\/wp-json\/wp\/v2\/product_brand?post=193"},{"taxonomy":"product_cat","embeddable":true,"href":"https:\/\/personalbiker.com.br\/lojapb\/wp-json\/wp\/v2\/product_cat?post=193"},{"taxonomy":"product_tag","embeddable":true,"href":"https:\/\/personalbiker.com.br\/lojapb\/wp-json\/wp\/v2\/product_tag?post=193"}],"curies":[{"name":"wp","href":"https:\/\/api.w.org\/{rel}","templated":true}]}}