{"id":1920,"date":"2019-02-22T14:45:34","date_gmt":"2019-02-22T17:45:34","guid":{"rendered":"http:\/\/personalbiker.com.br\/lojapb\/?post_type=product&#038;p=1920"},"modified":"2019-07-22T11:45:46","modified_gmt":"2019-07-22T14:45:46","slug":"capacete-zeus-811-metallic","status":"publish","type":"product","link":"https:\/\/personalbiker.com.br\/lojapb\/produto\/capacete-zeus-811-metallic\/","title":{"rendered":"Capacete Zeus 811 Metallic"},"content":{"rendered":"","protected":false},"excerpt":{"rendered":"<p>Casco Confeccionado em Resina Termopl\u00e1stica Injetada<br \/>\n\u2022 Revestimento Interno em Microfibra<br \/>\n\u2022 Viseira em Policarbonato com 2,2mm de Espessura<br \/>\n\u2022 Viseira com Tratamento Antirrisco e Prote\u00e7\u00e3o UV<br \/>\n\u2022 Sistema de Troca R\u00e1pida da Viseira<br \/>\n\u2022 Forro Remov\u00edvel e Lav\u00e1vel<br \/>\n\u2022 Cinta Jugular com Engate Microm\u00e9trico<br \/>\n\u2022 Possui 2 Entradas de Ar Superior, 1 Entrada de Ar no Queixo e 2 Sa\u00eddas de Ar Traseiras<br \/>\n\u2022 Narigueira que Auxilia na Redu\u00e7\u00e3o do Emba\u00e7amento da Viseira<\/p>\n<p>imagens meramente ilustrativas<\/p>\n<p>\u2022 Bavete que Auxilia na Redu\u00e7\u00e3o do Vento Interno<br \/>\n\u2022 Design Moderno e Aerodin\u00e2mico<\/p>\n<p>imagens meramente ilustrativas<\/p>\n","protected":false},"featured_media":6185,"template":"","meta":[],"product_brand":[],"product_cat":[25,50],"product_tag":[],"class_list":{"0":"post-1920","1":"product","2":"type-product","3":"status-publish","4":"has-post-thumbnail","6":"product_cat-capacetes","7":"product_cat-zeus","8":"pa_cor-preto","9":"pa_tamanho-75","11":"first","12":"outofstock","13":"shipping-taxable","14":"purchasable","15":"product-type-variable"},"_links":{"self":[{"href":"https:\/\/personalbiker.com.br\/lojapb\/wp-json\/wp\/v2\/product\/1920","targetHints":{"allow":["GET"]}}],"collection":[{"href":"https:\/\/personalbiker.com.br\/lojapb\/wp-json\/wp\/v2\/product"}],"about":[{"href":"https:\/\/personalbiker.com.br\/lojapb\/wp-json\/wp\/v2\/types\/product"}],"wp:featuredmedia":[{"embeddable":true,"href":"https:\/\/personalbiker.com.br\/lojapb\/wp-json\/wp\/v2\/media\/6185"}],"wp:attachment":[{"href":"https:\/\/personalbiker.com.br\/lojapb\/wp-json\/wp\/v2\/media?parent=1920"}],"wp:term":[{"taxonomy":"product_brand","embeddable":true,"href":"https:\/\/personalbiker.com.br\/lojapb\/wp-json\/wp\/v2\/product_brand?post=1920"},{"taxonomy":"product_cat","embeddable":true,"href":"https:\/\/personalbiker.com.br\/lojapb\/wp-json\/wp\/v2\/product_cat?post=1920"},{"taxonomy":"product_tag","embeddable":true,"href":"https:\/\/personalbiker.com.br\/lojapb\/wp-json\/wp\/v2\/product_tag?post=1920"}],"curies":[{"name":"wp","href":"https:\/\/api.w.org\/{rel}","templated":true}]}}