{"id":1902,"date":"2019-02-22T13:55:13","date_gmt":"2019-02-22T16:55:13","guid":{"rendered":"http:\/\/personalbiker.com.br\/lojapb\/?post_type=product&#038;p=1902"},"modified":"2022-08-17T16:30:21","modified_gmt":"2022-08-17T19:30:21","slug":"capacete-zeus-810-sv-810a-l","status":"publish","type":"product","link":"https:\/\/personalbiker.com.br\/lojapb\/produto\/capacete-zeus-810-sv-810a-l\/","title":{"rendered":"Capacete Zeus 810 SV 810A"},"content":{"rendered":"","protected":false},"excerpt":{"rendered":"<p>A Zeus \u00e9 uma marca completa de capacetes.<br \/>\nSua linha inclui capacetes fechados, escamote\u00e1veis, jet&#8217;s e off-road. Todos com excelente rela\u00e7\u00e3o custo\/ benef\u00edcio.<br \/>\nNos dedicamos a procurar o melhor design, fabricando e exportando uma linha variada de capacetes. Oferecendo produtos de qualidade excepcional a pre\u00e7os razo\u00e1veis, com caracter\u00edsticas avan\u00e7adas encontradas apenas em capacetes bem mais caros.<\/p>\n<p>Dados T\u00e9cnicos:<\/p>\n<p>&#8211; Casco aerodin\u00e2mico em resina termopl\u00e1stica injetada;<br \/>\n&#8211; Grafismos especiais;<br \/>\n&#8211; Viseira de 2mm em policarbonato de alta resist\u00eancia com tratamento antirriscos;<br \/>\n&#8211; Viseira de f\u00e1cil remo\u00e7\u00e3o;<br \/>\n&#8211; Ventila\u00e7\u00e3o multiponto com condutores superiores e inferiores;<br \/>\n&#8211; Fecho microm\u00e9trico para um fechamento pr\u00e1tico e r\u00e1pido;<br \/>\n&#8211; Tecido interior antial\u00e9rgico, t\u00e9rmico e remov\u00edvel;<br \/>\n&#8211; Sun visor com prote\u00e7\u00e3o UV (viseira solar interna).<\/p>\n<p>Imagem meramente ilustrativa.<\/p>\n","protected":false},"featured_media":6190,"template":"","meta":[],"product_brand":[],"product_cat":[25,50],"product_tag":[],"class_list":{"0":"post-1902","1":"product","2":"type-product","3":"status-publish","4":"has-post-thumbnail","6":"product_cat-capacetes","7":"product_cat-zeus","8":"pa_cor-branco-vermelho-azul","9":"pa_tamanho-60-l","10":"pa_tamanho-m58","12":"first","13":"instock","14":"shipping-taxable","15":"purchasable","16":"product-type-variable"},"_links":{"self":[{"href":"https:\/\/personalbiker.com.br\/lojapb\/wp-json\/wp\/v2\/product\/1902","targetHints":{"allow":["GET"]}}],"collection":[{"href":"https:\/\/personalbiker.com.br\/lojapb\/wp-json\/wp\/v2\/product"}],"about":[{"href":"https:\/\/personalbiker.com.br\/lojapb\/wp-json\/wp\/v2\/types\/product"}],"wp:featuredmedia":[{"embeddable":true,"href":"https:\/\/personalbiker.com.br\/lojapb\/wp-json\/wp\/v2\/media\/6190"}],"wp:attachment":[{"href":"https:\/\/personalbiker.com.br\/lojapb\/wp-json\/wp\/v2\/media?parent=1902"}],"wp:term":[{"taxonomy":"product_brand","embeddable":true,"href":"https:\/\/personalbiker.com.br\/lojapb\/wp-json\/wp\/v2\/product_brand?post=1902"},{"taxonomy":"product_cat","embeddable":true,"href":"https:\/\/personalbiker.com.br\/lojapb\/wp-json\/wp\/v2\/product_cat?post=1902"},{"taxonomy":"product_tag","embeddable":true,"href":"https:\/\/personalbiker.com.br\/lojapb\/wp-json\/wp\/v2\/product_tag?post=1902"}],"curies":[{"name":"wp","href":"https:\/\/api.w.org\/{rel}","templated":true}]}}