{"id":1887,"date":"2019-02-22T11:25:16","date_gmt":"2019-02-22T14:25:16","guid":{"rendered":"http:\/\/personalbiker.com.br\/lojapb\/?post_type=product&#038;p=1887"},"modified":"2021-09-03T16:37:35","modified_gmt":"2021-09-03T19:37:35","slug":"capacete-infantil-liberty-kids-2","status":"publish","type":"product","link":"https:\/\/personalbiker.com.br\/lojapb\/produto\/capacete-infantil-liberty-kids-2\/","title":{"rendered":"Capacete Infantil New  Liberty Kids"},"content":{"rendered":"","protected":false},"excerpt":{"rendered":"<p>Totalmente remodelado com um design de casco muito mais moderno e arrojado, com grafismos em transfers extremamente resistentes ao tempo, assim \u00e9 o novo modelo de capacete infantil da l\u00edder mundial em capacetes. Novas cores exclusivas, para agradar todos os gostos. Oferece seguran\u00e7a em casos de colis\u00e3o ou queda, sendo desenvolvido com materiais de alta qualidade; aviseira injetada \u00e9 transparente e bastante resistente, assim como o casco confeccionado em abs natural de alto impacto, que possui revestimento de prote\u00e7\u00e3o em eps. Seu forro em nylon pluma dublado, com espuma de 5mm de espessura e 28mm de densidade \u00e9 aconchegante. O fecho microm\u00e9trico facilita na hora de colocar o capacete.<br \/>\nModelo: New Liberty For Kids<br \/>\nCor: Amarelo e Azul<br \/>\nTamanho: 54<br \/>\nViseira: Injetada e transparente<br \/>\nForro: Nylon pluma dublado<br \/>\nCasco: ABS<br \/>\nRevestimento: EPS<br \/>\nFecho: Microm\u00e9trico<br \/>\nMarca: Pro Tork<br \/>\nConte\u00fado da embalagem: 01 &#8211; Capacete<br \/>\nDimens\u00f5es aproximadas da embalagem: 42 x 38 x 30 cm<br \/>\nPeso aproximado da embalagem: 1,2 kg<br \/>\nInforma\u00e7\u00f5es Adicionais: Espuma de 5mm de espessura e 28 de densidade<\/p>\n<p>imagens meramente ilustrativas<\/p>\n","protected":false},"featured_media":1895,"template":"","meta":[],"product_brand":[],"product_cat":[20],"product_tag":[],"class_list":{"0":"post-1887","1":"product","2":"type-product","3":"status-publish","4":"has-post-thumbnail","6":"product_cat-capacetes-infantil","7":"pa_cor-amarelo-azul","8":"pa_tamanho-77","10":"first","11":"outofstock","12":"shipping-taxable","13":"purchasable","14":"product-type-variable"},"_links":{"self":[{"href":"https:\/\/personalbiker.com.br\/lojapb\/wp-json\/wp\/v2\/product\/1887","targetHints":{"allow":["GET"]}}],"collection":[{"href":"https:\/\/personalbiker.com.br\/lojapb\/wp-json\/wp\/v2\/product"}],"about":[{"href":"https:\/\/personalbiker.com.br\/lojapb\/wp-json\/wp\/v2\/types\/product"}],"wp:featuredmedia":[{"embeddable":true,"href":"https:\/\/personalbiker.com.br\/lojapb\/wp-json\/wp\/v2\/media\/1895"}],"wp:attachment":[{"href":"https:\/\/personalbiker.com.br\/lojapb\/wp-json\/wp\/v2\/media?parent=1887"}],"wp:term":[{"taxonomy":"product_brand","embeddable":true,"href":"https:\/\/personalbiker.com.br\/lojapb\/wp-json\/wp\/v2\/product_brand?post=1887"},{"taxonomy":"product_cat","embeddable":true,"href":"https:\/\/personalbiker.com.br\/lojapb\/wp-json\/wp\/v2\/product_cat?post=1887"},{"taxonomy":"product_tag","embeddable":true,"href":"https:\/\/personalbiker.com.br\/lojapb\/wp-json\/wp\/v2\/product_tag?post=1887"}],"curies":[{"name":"wp","href":"https:\/\/api.w.org\/{rel}","templated":true}]}}