{"id":1871,"date":"2019-02-22T10:45:32","date_gmt":"2019-02-22T13:45:32","guid":{"rendered":"http:\/\/personalbiker.com.br\/lojapb\/?post_type=product&#038;p=1871"},"modified":"2019-05-08T08:51:34","modified_gmt":"2019-05-08T11:51:34","slug":"capacete-infantil-liberty-kids-feminino","status":"publish","type":"product","link":"https:\/\/personalbiker.com.br\/lojapb\/produto\/capacete-infantil-liberty-kids-feminino\/","title":{"rendered":"Capacete Infantil Liberty Kids Feminino"},"content":{"rendered":"","protected":false},"excerpt":{"rendered":"<p>Especifica\u00e7\u00e3o T\u00e9cnica:<br \/>\n\u2022 Injetado em ABS de Alto Impacto.<br \/>\n\u2022 Forro Antial\u00e9rgico.<br \/>\n\u2022 Cinta Jugular Confeccionado em Engate R\u00e1pido.<br \/>\n\u2022 Viseira Com 2mm de Espessura.<br \/>\n\u2022 Viseira em Policarbonato de Alto Impacto Com Tratamento Anti-Risco.<br \/>\n\u2022 Gr\u00e1fico Adesivo Em Vinil Pl\u00e1stico Resistente \u00e0s A\u00e7\u00f5es do Clima Com Logo Marca Pro Tork e Liberty Four Kids.<br \/>\n\u2022 Aprovado Pelo INMETRO.<\/p>\n<p>imagens meramente ilustrativas<\/p>\n","protected":false},"featured_media":1873,"template":"","meta":[],"product_brand":[],"product_cat":[18,20],"product_tag":[],"class_list":{"0":"post-1871","1":"product","2":"type-product","3":"status-publish","4":"has-post-thumbnail","6":"product_cat-infantil","7":"product_cat-capacetes-infantil","8":"pa_cor-preto","9":"pa_tamanho-77","11":"first","12":"outofstock","13":"shipping-taxable","14":"purchasable","15":"product-type-variable"},"_links":{"self":[{"href":"https:\/\/personalbiker.com.br\/lojapb\/wp-json\/wp\/v2\/product\/1871","targetHints":{"allow":["GET"]}}],"collection":[{"href":"https:\/\/personalbiker.com.br\/lojapb\/wp-json\/wp\/v2\/product"}],"about":[{"href":"https:\/\/personalbiker.com.br\/lojapb\/wp-json\/wp\/v2\/types\/product"}],"wp:featuredmedia":[{"embeddable":true,"href":"https:\/\/personalbiker.com.br\/lojapb\/wp-json\/wp\/v2\/media\/1873"}],"wp:attachment":[{"href":"https:\/\/personalbiker.com.br\/lojapb\/wp-json\/wp\/v2\/media?parent=1871"}],"wp:term":[{"taxonomy":"product_brand","embeddable":true,"href":"https:\/\/personalbiker.com.br\/lojapb\/wp-json\/wp\/v2\/product_brand?post=1871"},{"taxonomy":"product_cat","embeddable":true,"href":"https:\/\/personalbiker.com.br\/lojapb\/wp-json\/wp\/v2\/product_cat?post=1871"},{"taxonomy":"product_tag","embeddable":true,"href":"https:\/\/personalbiker.com.br\/lojapb\/wp-json\/wp\/v2\/product_tag?post=1871"}],"curies":[{"name":"wp","href":"https:\/\/api.w.org\/{rel}","templated":true}]}}