{"id":1862,"date":"2019-02-22T10:14:07","date_gmt":"2019-02-22T13:14:07","guid":{"rendered":"http:\/\/personalbiker.com.br\/lojapb\/?post_type=product&#038;p=1862"},"modified":"2019-10-11T16:31:06","modified_gmt":"2019-10-11T19:31:06","slug":"capacete-infantil-788-kds","status":"publish","type":"product","link":"https:\/\/personalbiker.com.br\/lojapb\/produto\/capacete-infantil-788-kds\/","title":{"rendered":"Capacete Infantil 788 KDS"},"content":{"rendered":"","protected":false},"excerpt":{"rendered":"<p>Capacete Infantil Masculino Moto Pro Tork Modelo Liberty For Kids 788 Azul com Fundo Branco O capacete para moto infantil modelo Kids Evolution foi desenvolvido especialmente para proteger a cabe\u00e7a das crian\u00e7as. Este capacete foi confeccionado com materiais de alta qualidade e resist\u00eancia, proporcionando maior conforto e seguran\u00e7a aos condutores ou passageiros de motocicleta. O casco e o revestimento de prote\u00e7\u00e3o do capacete foram confeccionados em material de alto impacto e sua forra\u00e7\u00e3o \u00e9 feita de espuma e tecido antial\u00e9rgico, para proporcionar \u00e0s crian\u00e7as maior conforto e seguran\u00e7a. Al\u00e9m disso, este capacete teve a qualidade testada e aprovada pelo INMETRO. Nada melhor que proteger a cabe\u00e7a de seu filho com muito estilo e personalidade.<\/p>\n<p>imagens meramente ilustrativas<\/p>\n","protected":false},"featured_media":5923,"template":"","meta":[],"product_brand":[],"product_cat":[20],"product_tag":[],"class_list":{"0":"post-1862","1":"product","2":"type-product","3":"status-publish","4":"has-post-thumbnail","6":"product_cat-capacetes-infantil","7":"pa_cor-branco-azul","8":"pa_tamanho-77","10":"first","11":"outofstock","12":"shipping-taxable","13":"purchasable","14":"product-type-variable"},"_links":{"self":[{"href":"https:\/\/personalbiker.com.br\/lojapb\/wp-json\/wp\/v2\/product\/1862","targetHints":{"allow":["GET"]}}],"collection":[{"href":"https:\/\/personalbiker.com.br\/lojapb\/wp-json\/wp\/v2\/product"}],"about":[{"href":"https:\/\/personalbiker.com.br\/lojapb\/wp-json\/wp\/v2\/types\/product"}],"wp:featuredmedia":[{"embeddable":true,"href":"https:\/\/personalbiker.com.br\/lojapb\/wp-json\/wp\/v2\/media\/5923"}],"wp:attachment":[{"href":"https:\/\/personalbiker.com.br\/lojapb\/wp-json\/wp\/v2\/media?parent=1862"}],"wp:term":[{"taxonomy":"product_brand","embeddable":true,"href":"https:\/\/personalbiker.com.br\/lojapb\/wp-json\/wp\/v2\/product_brand?post=1862"},{"taxonomy":"product_cat","embeddable":true,"href":"https:\/\/personalbiker.com.br\/lojapb\/wp-json\/wp\/v2\/product_cat?post=1862"},{"taxonomy":"product_tag","embeddable":true,"href":"https:\/\/personalbiker.com.br\/lojapb\/wp-json\/wp\/v2\/product_tag?post=1862"}],"curies":[{"name":"wp","href":"https:\/\/api.w.org\/{rel}","templated":true}]}}