{"id":1857,"date":"2019-02-22T09:43:25","date_gmt":"2019-02-22T12:43:25","guid":{"rendered":"http:\/\/personalbiker.com.br\/lojapb\/?post_type=product&#038;p=1857"},"modified":"2020-09-21T14:44:37","modified_gmt":"2020-09-21T17:44:37","slug":"capacete-ciclismo-infantil-kids-cromia-azul-dog","status":"publish","type":"product","link":"https:\/\/personalbiker.com.br\/lojapb\/produto\/capacete-ciclismo-infantil-kids-cromia-azul-dog\/","title":{"rendered":"Capacete Ciclismo Infantil Kids Cromia Azul Dog"},"content":{"rendered":"","protected":false},"excerpt":{"rendered":"<p>Capacete Ciclismo Infantil Kids Cromia Azul Dog PTK &#8211; KIDS CROMIA &#8211; 3576<\/p>\n<p>O Capacete de ciclismo \u00e9 um importante item de seguran\u00e7a na prote\u00e7\u00e3o do ciclista. Capacete Ciclismo Infantil Kids Cromia Azul Dog<br \/>\nBicicletas s\u00e3o excelentes para manter a forma e fugir do tr\u00e2nsito das grandes cidades, mas se n\u00e3o forem tomados os cuidados com a seguran\u00e7a o passeio ou o trajeto de bicicleta\u00a0 pode sair muito caro. Dessa forma, tenha sempre contigo, um capacete de prote\u00e7\u00e3o.<\/p>\n<p>Principais Caracter\u00edsticas<\/p>\n<p>&#8211; Marca:PTK<br \/>\n&#8211; Modelo: Cromia<br \/>\n&#8211;\u00a0Poliestireno Expandido (estrutura Styrofoam)<br \/>\n&#8211;\u00a0Tamanho c\/ regulagem: P ( 48 &#8211; 52 cm)<br \/>\n&#8211; Viseira: Remov\u00edvel<br \/>\n&#8211; Pode Ser Usado Para Mtb\/Speed<br \/>\n&#8211; Entradas de ar: 05<br \/>\n&#8211; Cor: Azul<br \/>\n&#8211; Peso: 175g<\/p>\n<p>Itens Inclusos:<\/p>\n<p>&#8211; 1x Capacete Ciclismo Infantil Kids Cromia Azul Dog<\/p>\n<p>imagens meramente ilustrativas<\/p>\n<p>&nbsp;<\/p>\n","protected":false},"featured_media":9066,"template":"","meta":[],"product_brand":[],"product_cat":[20],"product_tag":[],"class_list":{"0":"post-1857","1":"product","2":"type-product","3":"status-publish","4":"has-post-thumbnail","6":"product_cat-capacetes-infantil","7":"pa_cor-azul","8":"pa_tamanho-p","10":"first","11":"outofstock","12":"shipping-taxable","13":"purchasable","14":"product-type-variable"},"_links":{"self":[{"href":"https:\/\/personalbiker.com.br\/lojapb\/wp-json\/wp\/v2\/product\/1857","targetHints":{"allow":["GET"]}}],"collection":[{"href":"https:\/\/personalbiker.com.br\/lojapb\/wp-json\/wp\/v2\/product"}],"about":[{"href":"https:\/\/personalbiker.com.br\/lojapb\/wp-json\/wp\/v2\/types\/product"}],"wp:featuredmedia":[{"embeddable":true,"href":"https:\/\/personalbiker.com.br\/lojapb\/wp-json\/wp\/v2\/media\/9066"}],"wp:attachment":[{"href":"https:\/\/personalbiker.com.br\/lojapb\/wp-json\/wp\/v2\/media?parent=1857"}],"wp:term":[{"taxonomy":"product_brand","embeddable":true,"href":"https:\/\/personalbiker.com.br\/lojapb\/wp-json\/wp\/v2\/product_brand?post=1857"},{"taxonomy":"product_cat","embeddable":true,"href":"https:\/\/personalbiker.com.br\/lojapb\/wp-json\/wp\/v2\/product_cat?post=1857"},{"taxonomy":"product_tag","embeddable":true,"href":"https:\/\/personalbiker.com.br\/lojapb\/wp-json\/wp\/v2\/product_tag?post=1857"}],"curies":[{"name":"wp","href":"https:\/\/api.w.org\/{rel}","templated":true}]}}