{"id":1815,"date":"2019-02-21T13:25:38","date_gmt":"2019-02-21T16:25:38","guid":{"rendered":"http:\/\/personalbiker.com.br\/lojapb\/?post_type=product&#038;p=1815"},"modified":"2019-09-23T15:09:55","modified_gmt":"2019-09-23T18:09:55","slug":"bicicleta-bicimoto-com-motor-moskito-49cc-4t-aro-26","status":"publish","type":"product","link":"https:\/\/personalbiker.com.br\/lojapb\/produto\/bicicleta-bicimoto-com-motor-moskito-49cc-4t-aro-26\/","title":{"rendered":"Bicicleta Bicimoto com motor Moskito 49Cc 4T aro 26"},"content":{"rendered":"","protected":false},"excerpt":{"rendered":"<div>Bicicleta Motorizada 49cc 4 Tempos ARO 26- Quadro de Alum\u00ednio<\/div>\n<div><\/div>\n<div>Com a embreagem centr\u00edfuga (autom\u00e1tica) voc\u00ea mant\u00e9m as fun\u00e7\u00f5es originais da sua bicicleta. Voc\u00ea pode pedalar e trocar as marchas da bicicleta normalmente.<\/div>\n<div><\/div>\n<div>** Embreagem Autom\u00e1tica (centr\u00edfuga) **<\/div>\n<div>** Partida na cordinha retr\u00e1til **<\/div>\n<div><\/div>\n<div>Vantagens do novo sistema 4G T-Belt drive transmission:<\/div>\n<div><\/div>\n<div>Menor peso.<\/div>\n<div>Maior facilidade na instala\u00e7\u00e3o.<\/div>\n<div>Maior suavidade de funcionamento.<\/div>\n<div>Permite posi\u00e7\u00e3o de pilotagem bem mais confort\u00e1vel j\u00e1 que \u00e9 muito mais estreito do que o anterior.<\/div>\n<div>A aus\u00eancia de rotinas de lubrifica\u00e7\u00e3o na Clutch Box \u00e9 um plus.<\/div>\n<div>Arranca com mais suavidade e mant\u00e9m a embreagem conectada (pads\/camp\u00e2nula) em qualquer regime de rota\u00e7\u00e3o (exceto a marcha lenta).<\/div>\n<div>Tem maior velocidade final em detrimento de pequena perda nas arrancadas.<\/div>\n<div>Menos ru\u00eddo.<\/div>\n<div>Mais econ\u00f4mico pois tem menos pe\u00e7as m\u00f3veis.<\/div>\n<p>&nbsp;<\/p>\n<div>Caracter\u00edsticas do Motor 4 Tempos:<\/div>\n<div><\/div>\n<div>Menos cheiro, pois o \u00f3leo n\u00e3o \u00e9 misturado na gasolina.<\/div>\n<div>Polui menos.<\/div>\n<div>Ru\u00eddo menor.<\/div>\n<div>C\u00e1rter separado para entrada de \u00f3leo.<\/div>\n<div>Possui v\u00e1lvulas que regulam o seu ciclo.<\/div>\n<div>Tipo de motor: Monocil\u00edndrico, 4 tempos, resfriado por ar<\/div>\n<div>Igni\u00e7\u00e3o: Electr\u00f4nica (CDI\/magneto)<\/div>\n<div>Cilindrada: 49 cc<\/div>\n<div>Pot\u00eancia desenvolvida: 2,5 hp<\/div>\n<div>Combust\u00edvel: Gasolina<\/div>\n<div>Embreagem: Autom\u00e1tica (centr\u00edfuga)<\/div>\n<div>Transmiss\u00e3o for\u00e7a: Correia e pinh\u00e3o auxiliar (tudo do lado esquerdo)<\/div>\n<div>Partida: Cordinha retr\u00e1til<\/div>\n<div>Pot\u00eancia m\u00e1xima Kw\/rpm: 1,2\/6800<\/div>\n<div>Di\u00e2metro X Curso: 41.8 X 35.8 mm<\/div>\n<div>Max torque: 2.4Nm \/ 4500 rpm<\/div>\n<div>Rota\u00e7\u00e3o M\u00e1xima sem carga: 8500 rpm<\/div>\n<div>Consumo de combust\u00edvel: 480g \/ kWh<\/div>\n<div>Peso l\u00edquido: 5,5 Kg<\/div>\n<div>Comprimento X Largura X Altura do motor: 25 X 27 X 27 cm<\/div>\n<div>Acess\u00f3rios: Todos os acess\u00f3rios necess\u00e1rios est\u00e3o inclu\u00eddos<\/div>\n<div><\/div>\n<div>Frete por conta do comprador, via transportadora.<\/div>\n<div><\/div>\n<div>imagens meramente ilustrativas<\/div>\n<div><\/div>\n<div><\/div>\n","protected":false},"featured_media":7677,"template":"","meta":[],"product_brand":[],"product_cat":[166],"product_tag":[],"class_list":{"0":"post-1815","1":"product","2":"type-product","3":"status-publish","4":"has-post-thumbnail","6":"product_cat-bicicletas-motorizadas-moskito-bicicletas-motorizadas","7":"pa_cor-preto","9":"first","10":"outofstock","11":"shipping-taxable","12":"purchasable","13":"product-type-variable"},"_links":{"self":[{"href":"https:\/\/personalbiker.com.br\/lojapb\/wp-json\/wp\/v2\/product\/1815","targetHints":{"allow":["GET"]}}],"collection":[{"href":"https:\/\/personalbiker.com.br\/lojapb\/wp-json\/wp\/v2\/product"}],"about":[{"href":"https:\/\/personalbiker.com.br\/lojapb\/wp-json\/wp\/v2\/types\/product"}],"wp:featuredmedia":[{"embeddable":true,"href":"https:\/\/personalbiker.com.br\/lojapb\/wp-json\/wp\/v2\/media\/7677"}],"wp:attachment":[{"href":"https:\/\/personalbiker.com.br\/lojapb\/wp-json\/wp\/v2\/media?parent=1815"}],"wp:term":[{"taxonomy":"product_brand","embeddable":true,"href":"https:\/\/personalbiker.com.br\/lojapb\/wp-json\/wp\/v2\/product_brand?post=1815"},{"taxonomy":"product_cat","embeddable":true,"href":"https:\/\/personalbiker.com.br\/lojapb\/wp-json\/wp\/v2\/product_cat?post=1815"},{"taxonomy":"product_tag","embeddable":true,"href":"https:\/\/personalbiker.com.br\/lojapb\/wp-json\/wp\/v2\/product_tag?post=1815"}],"curies":[{"name":"wp","href":"https:\/\/api.w.org\/{rel}","templated":true}]}}