{"id":1799,"date":"2019-02-21T11:20:49","date_gmt":"2019-02-21T14:20:49","guid":{"rendered":"http:\/\/personalbiker.com.br\/lojapb\/?post_type=product&#038;p=1799"},"modified":"2019-07-31T17:08:40","modified_gmt":"2019-07-31T20:08:40","slug":"bicicleta-eletrica-eco-350w","status":"publish","type":"product","link":"https:\/\/personalbiker.com.br\/lojapb\/produto\/bicicleta-eletrica-eco-350w\/","title":{"rendered":"Bicicleta El\u00e9trica ECO 350W"},"content":{"rendered":"","protected":false},"excerpt":{"rendered":"<p>Bicicleta El\u00e9trica Ecobikes 350W 48V<br \/>\nProduto Nacional<\/p>\n<p>Atualmente, as pessoas est\u00e3o percebendo a import\u00e2ncia de se locomoverem de maneiras mais sustent\u00e1veis e saud\u00e1veis. Por isso, a bicicleta tem virado um item muito mais presente nas cidades, especialmente as el\u00e9tricas. A Ecobike 350W tem um design arrojado, com motor de 350 Watts, 3 velocidades e baterias de 48V\/12Ah de Chumbo gel selada.<\/p>\n<p>O ve\u00edculo atinge at\u00e9 25 km\/h e tem uma autonomia de 30 A 40 KM (considerando uma pessoa de 50 kilos em terreno plano,com a carga completa ,ajudando com os pedais). Com aro 24 x 2,175 especial para bicicleta el\u00e9trica, ela suporta at\u00e9 100kg, lembrando que quanto maior o peso ,menor a autonomia .A eco350W \u00e9 o modelo mais completo da categoria com cesto para transporte, mostrador de carga digital, motor sem escova para menor desgaste, sensor magn\u00e9tico nas alavancas dos freios, dando mais seguran\u00e7a e prote\u00e7\u00e3o ao condutor.<\/p>\n<p>O farol de LED, al\u00e9m de iluminar, d\u00e1 um ar moderno \u00e0 bicicleta. O selim de gel e o garfo dianteiro com molas, permitem um passeio suave e sem trancos.Para maior seguran\u00e7a ela vem equipada com: lanterna e farol de led , luz de freio,setas, buzina, alarme com sensor , 2 chaves, veloc\u00edmetro e disco de freio.<\/p>\n<p>Cores\u00a0 em estoque somente preto com bege<\/p>\n<p>BATERIAS<br \/>\nMovidas \u00e0 bateria de gel selada, sua recarga \u00e9 simples, basta plugar o carregador da bicicleta na tomada e aguardar. Em cerca de 4 a 6 horas a bateria estar\u00e1 completamente carregada .<\/p>\n<p>MORROS E LADEIRAS<br \/>\nA topografia de nosso pa\u00eds \u00e9 bastante acidentada e as ladeiras s\u00e3o o maior inconveniente para quem usa a bicicleta como meio de transporte. Mas com a bicicleta el\u00e9trica Eco 350W, as ladeiras s\u00e3o vencidas com a for\u00e7a do motor aliada \u00e0 for\u00e7a dos pedais.<\/p>\n<p>COMPACTAS<br \/>\nAs bicicletas el\u00e9tricas s\u00e3o compactas (s\u00e3o chamadas de Mobiletes el\u00e9tricas) evitam congestionamentos, filas e podem ser facilmente estacionadas.<\/p>\n<p>MEIO AMBIENTE<br \/>\nQue tipo de impacto a escolha do meio de transporte pode ter em nosso planeta? A bicicleta el\u00e9trica Eco 350W \u00e9 uma escolha sustent\u00e1vel pois n\u00e3o polui o ar, n\u00e3o produz ru\u00eddos e suas baterias s\u00e3o retorn\u00e1veis para reciclagem. Logo, andar de bicicleta el\u00e9trica Eco 350W \u00e9 um escolha saud\u00e1vel na dire\u00e7\u00e3o certa!<\/p>\n<p>SA\u00daDE<br \/>\nUma bicicleta el\u00e9trica \u00e9 uma sedutora forma de exerc\u00edcio. N\u00e3o ser\u00e1 um esfor\u00e7o monumental executar sua pr\u00e1tica di\u00e1ria, de fato, voc\u00ea vai at\u00e9 desejar esse momento. Afinal, com o aux\u00edlio do motor, ser\u00e1 poss\u00edvel percorrer sua trajet\u00f3ria sem lesionar m\u00fasculos devido a esfor\u00e7o excessivo.<\/p>\n<p>ECON\u00d4MICAS<br \/>\nMais econ\u00f4mico do que o transporte p\u00fablico, considerando duas passagens di\u00e1rias, no valor de R$ 2,40 cada e custo pela energia el\u00e9trica para a recarga completa da bateria em R$ 0,28 &#8211; conforme tarifas locais da concession\u00e1ria Bandeirante em Janeiro de 2015.<\/p>\n<p>FICHA T\u00c9CNICA:<br \/>\nModelo: Eco 350W (Com 3 velocidades).<br \/>\nPot\u00eancia do motor: 350 Watts<br \/>\nBateria: Chumbo &#8211; 48 V \/ 12AH Ciclo profundo<br \/>\nVelocidade M\u00e1xima: 25 Km \/ h<br \/>\nAutonomia: Aprox. 30 Km em terreno plano (considerando uma pessoa de 50Kgs em terreno plano,carga completa e com ajuda dos pedais)<br \/>\nFreio: Tambor Traseiro \/ Disco Dianteiro<br \/>\nPneu \/ Aro: Levorin 24 x 2,175<br \/>\nPeso da Bicicleta: 48 Kg<br \/>\nSeguran\u00e7a: Alarme com sensor de movimento<br \/>\nBuzina<br \/>\nFarol e lanterna de LED<br \/>\nSetas LED sonora<br \/>\nLuz de freio LED<br \/>\nDescanso central (n\u00e3o tem o descanso traseiro)<br \/>\nPedelec (aciona o motor quando se pedala)<br \/>\nE-ABS (acionando o freio, corta o motor)<br \/>\nCarregador 110v ou 220v<\/p>\n<p>Itens inclusos:<br \/>\nBicicleta el\u00e9trica Ecobikes 350W<br \/>\nManual do proprietario<br \/>\nCesto dianteiro<br \/>\nDuas chaves com 2 controles do alarme<br \/>\nPar de Espelhos retrovisores<br \/>\nCarregador inteligente de bateria 110v ou 220V<\/p>\n<p>Aten\u00e7\u00e3o entrega , somente atrav\u00e9s de transportadora, frete por conta do Cliente<\/p>\n<p>imagens meramente ilustrativas<\/p>\n","protected":false},"featured_media":1804,"template":"","meta":[],"product_brand":[],"product_cat":[68],"product_tag":[],"class_list":{"0":"post-1799","1":"product","2":"type-product","3":"status-publish","4":"has-post-thumbnail","6":"product_cat-bicicleta-eletrica","7":"pa_cor-preto-bege","9":"first","10":"outofstock","11":"shipping-taxable","12":"purchasable","13":"product-type-variable"},"_links":{"self":[{"href":"https:\/\/personalbiker.com.br\/lojapb\/wp-json\/wp\/v2\/product\/1799","targetHints":{"allow":["GET"]}}],"collection":[{"href":"https:\/\/personalbiker.com.br\/lojapb\/wp-json\/wp\/v2\/product"}],"about":[{"href":"https:\/\/personalbiker.com.br\/lojapb\/wp-json\/wp\/v2\/types\/product"}],"wp:featuredmedia":[{"embeddable":true,"href":"https:\/\/personalbiker.com.br\/lojapb\/wp-json\/wp\/v2\/media\/1804"}],"wp:attachment":[{"href":"https:\/\/personalbiker.com.br\/lojapb\/wp-json\/wp\/v2\/media?parent=1799"}],"wp:term":[{"taxonomy":"product_brand","embeddable":true,"href":"https:\/\/personalbiker.com.br\/lojapb\/wp-json\/wp\/v2\/product_brand?post=1799"},{"taxonomy":"product_cat","embeddable":true,"href":"https:\/\/personalbiker.com.br\/lojapb\/wp-json\/wp\/v2\/product_cat?post=1799"},{"taxonomy":"product_tag","embeddable":true,"href":"https:\/\/personalbiker.com.br\/lojapb\/wp-json\/wp\/v2\/product_tag?post=1799"}],"curies":[{"name":"wp","href":"https:\/\/api.w.org\/{rel}","templated":true}]}}