{"id":1791,"date":"2019-02-21T10:41:46","date_gmt":"2019-02-21T13:41:46","guid":{"rendered":"http:\/\/personalbiker.com.br\/lojapb\/?post_type=product&#038;p=1791"},"modified":"2021-04-06T10:17:42","modified_gmt":"2021-04-06T13:17:42","slug":"bota-cross-piloto-modelo-combat-3","status":"publish","type":"product","link":"https:\/\/personalbiker.com.br\/lojapb\/produto\/bota-cross-piloto-modelo-combat-3\/","title":{"rendered":"Bota Cross Piloto  Modelo COMBAT 3"},"content":{"rendered":"","protected":false},"excerpt":{"rendered":"<p>Fique pronto para a largada e pratique o Motocross, Enduro, Trilha ou Freestyle com todo o estilo e praticidade.<br \/>\nNovos fechos feitos em alum\u00ednio e nylon proporcionando maior precis\u00e3o no seu fechamento e uma sensa\u00e7\u00e3o de seguran\u00e7a \u00e0 mais para o piloto;<br \/>\nCarca\u00e7a injetada em elast\u00f4mero TPE 7106 resistente aos raios U.V dando maior flexibilidade e durabilidade;<br \/>\nConstru\u00edda em couro leg\u00edtimo com inser\u00e7\u00f5es em nylon para maior conforto;<br \/>\nBiqueira em a\u00e7o substitu\u00edvel;<br \/>\nSola injetada em borracha natural resistente a abras\u00e3o, garantindo maior flexibilidade e melhor grip entre a sola e a pedaleira da moto, proporcionando mais seguran\u00e7a na pilotagem;<br \/>\n\u00c2ngulos de costura modificados na parte lateral da bota para garantir um fechamento preciso entre os fechos e as bases;<br \/>\nFabricante: Pro tork.<br \/>\nDicas de Manuten\u00e7\u00e3o:<br \/>\nLavar com sab\u00e3o neutro, \u00e1gua, pano, esponja e escova pl\u00e1stica. Nada de produtos diferentes disso, como solventes ou agentes de limpeza, ou escovas de a\u00e7o. Evite m\u00e1quina de lavar de alta press\u00e3o, que podem danificar ou enfraquecer os materiais utilizados nas botas.<br \/>\nDeixe-as deitadas para que sequer e n\u00e3o perderem o formato. Depois de secas, pelo mesmo motivo guarde-as deitadas em local seco e bem ventilado.<br \/>\nPara a conserva\u00e7\u00e3o, a f\u00e1brica Pro Tork recomenda utilizar produtos espec\u00edficos (como cera) para couro, aumentando a durabilidade e mantendo a maciez e flexibilidade.<\/p>\n<p>&nbsp;<\/p>\n<p>&nbsp;<\/p>\n<p>imagens meramente ilustrativas<\/p>\n","protected":false},"featured_media":6156,"template":"","meta":[],"product_brand":[],"product_cat":[43],"product_tag":[],"class_list":{"0":"post-1791","1":"product","2":"type-product","3":"status-publish","4":"has-post-thumbnail","6":"product_cat-botas","7":"pa_cor-preto-vermelha","8":"pa_tamanho-159","10":"first","11":"instock","12":"shipping-taxable","13":"purchasable","14":"product-type-variable"},"_links":{"self":[{"href":"https:\/\/personalbiker.com.br\/lojapb\/wp-json\/wp\/v2\/product\/1791","targetHints":{"allow":["GET"]}}],"collection":[{"href":"https:\/\/personalbiker.com.br\/lojapb\/wp-json\/wp\/v2\/product"}],"about":[{"href":"https:\/\/personalbiker.com.br\/lojapb\/wp-json\/wp\/v2\/types\/product"}],"wp:featuredmedia":[{"embeddable":true,"href":"https:\/\/personalbiker.com.br\/lojapb\/wp-json\/wp\/v2\/media\/6156"}],"wp:attachment":[{"href":"https:\/\/personalbiker.com.br\/lojapb\/wp-json\/wp\/v2\/media?parent=1791"}],"wp:term":[{"taxonomy":"product_brand","embeddable":true,"href":"https:\/\/personalbiker.com.br\/lojapb\/wp-json\/wp\/v2\/product_brand?post=1791"},{"taxonomy":"product_cat","embeddable":true,"href":"https:\/\/personalbiker.com.br\/lojapb\/wp-json\/wp\/v2\/product_cat?post=1791"},{"taxonomy":"product_tag","embeddable":true,"href":"https:\/\/personalbiker.com.br\/lojapb\/wp-json\/wp\/v2\/product_tag?post=1791"}],"curies":[{"name":"wp","href":"https:\/\/api.w.org\/{rel}","templated":true}]}}