{"id":179,"date":"2012-10-22T13:50:15","date_gmt":"2012-10-22T13:50:15","guid":{"rendered":"http:\/\/personalbiker.com.br\/lojapb\/?product=bau-28l-protork"},"modified":"2020-12-14T13:52:01","modified_gmt":"2020-12-14T16:52:01","slug":"bau-28l-protork","status":"publish","type":"product","link":"https:\/\/personalbiker.com.br\/lojapb\/produto\/bau-28l-protork\/","title":{"rendered":"BAU 28L Protork Lente vermelha"},"content":{"rendered":"<p><!-- [if gte mso 9]&gt;--><\/p>\n<p>&nbsp;<\/p>\n<p>Fabricado em pl\u00e1stico polipropileno de excelente qualidade o bauleto \u00e9 o acess\u00f3rio que facilita a vida do motociclista<\/p>\n<p>. \u00d3timo para carregar seus pertences Capacidade para 28L, com refletivo para aumentar a seguran\u00e7a<\/p>\n<p>O bauleto pode ser removido ficando apenas a base fixa na moto<\/p>\n<p>&nbsp;<\/p>\n<p><em><strong>Caracter\u00edsticas:<\/strong><\/em>\u00a0&#8211;<\/p>\n<p>Capacidade: 28L &#8211; Lente Vermelha &#8211; Base fixadora + 4 presilhas &#8211;<\/p>\n<p>&nbsp;<\/p>\n<p>Tamanho aprox: 36cm x 40cm x 28cm (comp, larg, alt)<\/p>\n<p><!-- [if gte mso 9]&gt;--><\/p>\n<p><!-- [if gte mso 10]&gt;--><\/p>\n<p>Imagens meramente Ilustrativas<\/p>\n<p>&nbsp;<\/p>\n<div id=\"CertisignPluginFF-NG-Installed\"><\/div>\n","protected":false},"excerpt":{"rendered":"<p>&nbsp;<\/p>\n<div id=\"CertisignPluginFF-NG-Installed\">imagens meramente ilustrativas<\/div>\n","protected":false},"featured_media":3459,"template":"","meta":[],"product_brand":[],"product_cat":[39],"product_tag":[],"class_list":{"0":"post-179","1":"product","2":"type-product","3":"status-publish","4":"has-post-thumbnail","6":"product_cat-baus-bauletos","8":"first","9":"outofstock","10":"purchasable","11":"product-type-simple"},"_links":{"self":[{"href":"https:\/\/personalbiker.com.br\/lojapb\/wp-json\/wp\/v2\/product\/179","targetHints":{"allow":["GET"]}}],"collection":[{"href":"https:\/\/personalbiker.com.br\/lojapb\/wp-json\/wp\/v2\/product"}],"about":[{"href":"https:\/\/personalbiker.com.br\/lojapb\/wp-json\/wp\/v2\/types\/product"}],"wp:featuredmedia":[{"embeddable":true,"href":"https:\/\/personalbiker.com.br\/lojapb\/wp-json\/wp\/v2\/media\/3459"}],"wp:attachment":[{"href":"https:\/\/personalbiker.com.br\/lojapb\/wp-json\/wp\/v2\/media?parent=179"}],"wp:term":[{"taxonomy":"product_brand","embeddable":true,"href":"https:\/\/personalbiker.com.br\/lojapb\/wp-json\/wp\/v2\/product_brand?post=179"},{"taxonomy":"product_cat","embeddable":true,"href":"https:\/\/personalbiker.com.br\/lojapb\/wp-json\/wp\/v2\/product_cat?post=179"},{"taxonomy":"product_tag","embeddable":true,"href":"https:\/\/personalbiker.com.br\/lojapb\/wp-json\/wp\/v2\/product_tag?post=179"}],"curies":[{"name":"wp","href":"https:\/\/api.w.org\/{rel}","templated":true}]}}