{"id":1784,"date":"2019-02-21T10:08:08","date_gmt":"2019-02-21T13:08:08","guid":{"rendered":"http:\/\/personalbiker.com.br\/lojapb\/?post_type=product&#038;p=1784"},"modified":"2020-08-13T13:48:05","modified_gmt":"2020-08-13T16:48:05","slug":"bota-galocha-impermeavel-antiderrapante-motociclista-motosafe","status":"publish","type":"product","link":"https:\/\/personalbiker.com.br\/lojapb\/produto\/bota-galocha-impermeavel-antiderrapante-motociclista-motosafe\/","title":{"rendered":"Bota  Imperme\u00e1vel Antiderrapante Motociclista Motosafe"},"content":{"rendered":"","protected":false},"excerpt":{"rendered":"<p>Cano:<\/p>\n<p>Espessura 2,0 mm na borda superior do cano, aumentando gradativamente chegando a 2,5 mm na altura do tornozelo e 3,5 mm na uni\u00e3o do cano com a sola; refor\u00e7o lateral para prote\u00e7\u00e3o,\u00a0Nos tornozelos; estrias horizontais que facilitam o cal\u00e7ar: cont\u00e9m pol\u00edmero pl\u00e1stico em pvc e massa nitr\u00edlica (toque emborrachado, melhora o grippe, melhora a resist\u00eancia a abras\u00e3o, impede o ressecamento e trincas e minimiza a agress\u00e3o do sangue).<\/p>\n<p>&nbsp;<\/p>\n<p>Solado:<\/p>\n<p>Antiderrapante especial e refor\u00e7ado com ranhuras de 4 a\u00a05 mm na planta e no salto (boa tra\u00e7\u00e3o, retarda a passagem de temperaturas e n\u00e3o impede o fluxo de l\u00edquidos); cont\u00e9m pol\u00edmero pl\u00e1stico em pvc, refor\u00e7ado com massa nitr\u00edlica (toque emborrachado, melhora o grippe, melhora a resist\u00eancia a abras\u00e3o, impede o ressecamento e trincas e minimiza . Interior: forrado (forro em poli\u00e9ster);<\/p>\n<p>&nbsp;<\/p>\n<p>Calcanhar:<\/p>\n<p>Com ranhuras refor\u00e7adas que facilitam o descalce.<\/p>\n<p>imagens meramente ilustrativas<\/p>\n","protected":false},"featured_media":8624,"template":"","meta":[],"product_brand":[],"product_cat":[43],"product_tag":[],"class_list":{"0":"post-1784","1":"product","2":"type-product","3":"status-publish","4":"has-post-thumbnail","6":"product_cat-botas","8":"first","9":"outofstock","10":"shipping-taxable","11":"purchasable","12":"product-type-variable"},"_links":{"self":[{"href":"https:\/\/personalbiker.com.br\/lojapb\/wp-json\/wp\/v2\/product\/1784","targetHints":{"allow":["GET"]}}],"collection":[{"href":"https:\/\/personalbiker.com.br\/lojapb\/wp-json\/wp\/v2\/product"}],"about":[{"href":"https:\/\/personalbiker.com.br\/lojapb\/wp-json\/wp\/v2\/types\/product"}],"wp:featuredmedia":[{"embeddable":true,"href":"https:\/\/personalbiker.com.br\/lojapb\/wp-json\/wp\/v2\/media\/8624"}],"wp:attachment":[{"href":"https:\/\/personalbiker.com.br\/lojapb\/wp-json\/wp\/v2\/media?parent=1784"}],"wp:term":[{"taxonomy":"product_brand","embeddable":true,"href":"https:\/\/personalbiker.com.br\/lojapb\/wp-json\/wp\/v2\/product_brand?post=1784"},{"taxonomy":"product_cat","embeddable":true,"href":"https:\/\/personalbiker.com.br\/lojapb\/wp-json\/wp\/v2\/product_cat?post=1784"},{"taxonomy":"product_tag","embeddable":true,"href":"https:\/\/personalbiker.com.br\/lojapb\/wp-json\/wp\/v2\/product_tag?post=1784"}],"curies":[{"name":"wp","href":"https:\/\/api.w.org\/{rel}","templated":true}]}}