{"id":1756,"date":"2019-02-20T14:47:45","date_gmt":"2019-02-20T17:47:45","guid":{"rendered":"http:\/\/personalbiker.com.br\/lojapb\/?post_type=product&#038;p=1756"},"modified":"2019-10-07T11:19:40","modified_gmt":"2019-10-07T14:19:40","slug":"bau-30l-givi-e300n-2","status":"publish","type":"product","link":"https:\/\/personalbiker.com.br\/lojapb\/produto\/bau-30l-givi-e300n-2\/","title":{"rendered":"Ba\u00fa 30L GIVI E300N"},"content":{"rendered":"","protected":false},"excerpt":{"rendered":"<p>Especifica\u00e7\u00e3o T\u00e9cnica:<br \/>\n\u2022 Modelo Monolock E-300N<br \/>\n\u2022 Compatibilidade Universal<br \/>\n\u2022 Qualidade Reconhecida Givi<br \/>\n\u2022 Fixado Sobre o Bagageiro Traseiro da Moto<br \/>\n\u2022 Capacidade de 30 Litros<br \/>\n\u2022 Suporta At\u00e9 3KG<br \/>\n\u2022 Carca\u00e7a Altamente Refor\u00e7ada em Polipropileno<br \/>\n\u2022 Dispon\u00edvel na Cor Preta<br \/>\n\u2022 Design Esportivo<br \/>\n\u2022 Travamento Resistente Realizado por Chave (Acompanha Chaves)<br \/>\n\u2022 Acabamento Impec\u00e1vel<br \/>\n\u2022 Possui Refletor \u00d3tico na Cor Vermelha<br \/>\n\u2022 Dimens\u00f5es Aproximadas (LxAxP): 40 x 32 x 41cm<\/p>\n<p>imagens meramente ilustrativas<br \/>\n\u2022 Acompanha Base de Fixa\u00e7\u00e3o<br \/>\n\u2022 Possui Abertura Autom\u00e1tica<\/p>\n<p>Conte\u00fado da Embalagem:<br \/>\n\u2022 1 Bauleto<br \/>\n\u2022 2 Chaves<\/p>\n","protected":false},"featured_media":2015,"template":"","meta":[],"product_brand":[],"product_cat":[39],"product_tag":[],"class_list":{"0":"post-1756","1":"product","2":"type-product","3":"status-publish","4":"has-post-thumbnail","6":"product_cat-baus-bauletos","8":"first","9":"outofstock","10":"shipping-taxable","11":"purchasable","12":"product-type-simple"},"_links":{"self":[{"href":"https:\/\/personalbiker.com.br\/lojapb\/wp-json\/wp\/v2\/product\/1756","targetHints":{"allow":["GET"]}}],"collection":[{"href":"https:\/\/personalbiker.com.br\/lojapb\/wp-json\/wp\/v2\/product"}],"about":[{"href":"https:\/\/personalbiker.com.br\/lojapb\/wp-json\/wp\/v2\/types\/product"}],"wp:featuredmedia":[{"embeddable":true,"href":"https:\/\/personalbiker.com.br\/lojapb\/wp-json\/wp\/v2\/media\/2015"}],"wp:attachment":[{"href":"https:\/\/personalbiker.com.br\/lojapb\/wp-json\/wp\/v2\/media?parent=1756"}],"wp:term":[{"taxonomy":"product_brand","embeddable":true,"href":"https:\/\/personalbiker.com.br\/lojapb\/wp-json\/wp\/v2\/product_brand?post=1756"},{"taxonomy":"product_cat","embeddable":true,"href":"https:\/\/personalbiker.com.br\/lojapb\/wp-json\/wp\/v2\/product_cat?post=1756"},{"taxonomy":"product_tag","embeddable":true,"href":"https:\/\/personalbiker.com.br\/lojapb\/wp-json\/wp\/v2\/product_tag?post=1756"}],"curies":[{"name":"wp","href":"https:\/\/api.w.org\/{rel}","templated":true}]}}