{"id":1735,"date":"2019-02-19T14:47:15","date_gmt":"2019-02-19T17:47:15","guid":{"rendered":"http:\/\/personalbiker.com.br\/lojapb\/?post_type=product&#038;p=1735"},"modified":"2022-08-16T15:21:14","modified_gmt":"2022-08-16T18:21:14","slug":"bota-thunder-grupo-pioneira-com-ziper","status":"publish","type":"product","link":"https:\/\/personalbiker.com.br\/lojapb\/produto\/bota-thunder-grupo-pioneira-com-ziper\/","title":{"rendered":"Bota Thunder Grupo Pioneira Com ZIPER"},"content":{"rendered":"","protected":false},"excerpt":{"rendered":"<div class=\"wpb_text_column wpb_content_element \">\n<div class=\"wpb_wrapper\">\n<p>A Bota Thunder com Z\u00edper\u00a0\u00e9 um produto desenvolvido para proporcionar Estilo e Conforto. Al\u00e9m de contar com um solado antiderrapante, a Bota Thunder \u00e9 confeccionada em um material r\u00edgido que fornece Resist\u00eancia e Durabilidade. \u00c9 indicada para uso em Terrenos \u00damidos, uma vez que seu solado proporciona uma maior ader\u00eancia e estabilidade. O produto conta com Costuras Refor\u00e7adas, Fechamento em Cadar\u00e7o, Solado de Borracha e Palmilha e Interior almofadado.\u00a0Com um Design Arrojado e Robusto, a Bota Thunder \u00e9 ideal para os\u00a0Motociclistas que prezam por um visual mais Moderno, Prote\u00e7\u00e3o e Conforto. Fique preparado para o seu dia a dia com a Bota Thunder do Grupo Pioneira.<\/p>\n<p>imagens meramente ilustrativas<\/p>\n<\/div>\n<\/div>\n<div class=\"vc_separator wpb_content_element vc_separator_align_center vc_sep_width_100 vc_sep_pos_align_center vc_separator_no_text vc_sep_color_grey\"><\/div>\n","protected":false},"featured_media":7324,"template":"","meta":[],"product_brand":[],"product_cat":[43],"product_tag":[],"class_list":{"0":"post-1735","1":"product","2":"type-product","3":"status-publish","4":"has-post-thumbnail","6":"product_cat-botas","7":"pa_cor-preto","8":"pa_tamanho-159","10":"first","11":"outofstock","12":"shipping-taxable","13":"purchasable","14":"product-type-variable"},"_links":{"self":[{"href":"https:\/\/personalbiker.com.br\/lojapb\/wp-json\/wp\/v2\/product\/1735","targetHints":{"allow":["GET"]}}],"collection":[{"href":"https:\/\/personalbiker.com.br\/lojapb\/wp-json\/wp\/v2\/product"}],"about":[{"href":"https:\/\/personalbiker.com.br\/lojapb\/wp-json\/wp\/v2\/types\/product"}],"wp:featuredmedia":[{"embeddable":true,"href":"https:\/\/personalbiker.com.br\/lojapb\/wp-json\/wp\/v2\/media\/7324"}],"wp:attachment":[{"href":"https:\/\/personalbiker.com.br\/lojapb\/wp-json\/wp\/v2\/media?parent=1735"}],"wp:term":[{"taxonomy":"product_brand","embeddable":true,"href":"https:\/\/personalbiker.com.br\/lojapb\/wp-json\/wp\/v2\/product_brand?post=1735"},{"taxonomy":"product_cat","embeddable":true,"href":"https:\/\/personalbiker.com.br\/lojapb\/wp-json\/wp\/v2\/product_cat?post=1735"},{"taxonomy":"product_tag","embeddable":true,"href":"https:\/\/personalbiker.com.br\/lojapb\/wp-json\/wp\/v2\/product_tag?post=1735"}],"curies":[{"name":"wp","href":"https:\/\/api.w.org\/{rel}","templated":true}]}}