{"id":1730,"date":"2019-02-19T14:39:12","date_gmt":"2019-02-19T17:39:12","guid":{"rendered":"http:\/\/personalbiker.com.br\/lojapb\/?post_type=product&#038;p=1730"},"modified":"2022-08-16T15:22:45","modified_gmt":"2022-08-16T18:22:45","slug":"bota-thunder-grupo-pioneira","status":"publish","type":"product","link":"https:\/\/personalbiker.com.br\/lojapb\/produto\/bota-thunder-grupo-pioneira\/","title":{"rendered":"Bota Thunder Grupo Pioneira com Cadar\u00e7o"},"content":{"rendered":"","protected":false},"excerpt":{"rendered":"<p>A Bota Thunder com Cadar\u00e7o \u00e9 um produto desenvolvido para proporcionar Estilo e Conforto. Al\u00e9m de contar com um solado antiderrapante, a Bota Thunder \u00e9 confeccionada em um material r\u00edgido que fornece Resist\u00eancia e Durabilidade. \u00c9 indicada para uso em Terrenos \u00damidos, uma vez que seu solado proporciona uma maior ader\u00eancia e estabilidade. O produto conta com Costuras Refor\u00e7adas, Fechamento em Cadar\u00e7o, Solado de Borracha e Palmilha e Interior almofadado.\u00a0Com um Design Arrojado e Robusto, a Bota Thunder \u00e9 ideal para os\u00a0Motociclistas que prezam por um visual mais Moderno, Prote\u00e7\u00e3o e Conforto. Fique preparado para o seu dia a dia com a Bota Thunder do Grupo Pioneira.<\/p>\n<p>imagens meramente ilustrativas<\/p>\n<p>&nbsp;<\/p>\n","protected":false},"featured_media":8994,"template":"","meta":[],"product_brand":[],"product_cat":[43],"product_tag":[],"class_list":{"0":"post-1730","1":"product","2":"type-product","3":"status-publish","4":"has-post-thumbnail","6":"product_cat-botas","7":"pa_cor-preto","8":"pa_tamanho-cadarco-43","10":"first","11":"instock","12":"shipping-taxable","13":"purchasable","14":"product-type-variable"},"_links":{"self":[{"href":"https:\/\/personalbiker.com.br\/lojapb\/wp-json\/wp\/v2\/product\/1730","targetHints":{"allow":["GET"]}}],"collection":[{"href":"https:\/\/personalbiker.com.br\/lojapb\/wp-json\/wp\/v2\/product"}],"about":[{"href":"https:\/\/personalbiker.com.br\/lojapb\/wp-json\/wp\/v2\/types\/product"}],"wp:featuredmedia":[{"embeddable":true,"href":"https:\/\/personalbiker.com.br\/lojapb\/wp-json\/wp\/v2\/media\/8994"}],"wp:attachment":[{"href":"https:\/\/personalbiker.com.br\/lojapb\/wp-json\/wp\/v2\/media?parent=1730"}],"wp:term":[{"taxonomy":"product_brand","embeddable":true,"href":"https:\/\/personalbiker.com.br\/lojapb\/wp-json\/wp\/v2\/product_brand?post=1730"},{"taxonomy":"product_cat","embeddable":true,"href":"https:\/\/personalbiker.com.br\/lojapb\/wp-json\/wp\/v2\/product_cat?post=1730"},{"taxonomy":"product_tag","embeddable":true,"href":"https:\/\/personalbiker.com.br\/lojapb\/wp-json\/wp\/v2\/product_tag?post=1730"}],"curies":[{"name":"wp","href":"https:\/\/api.w.org\/{rel}","templated":true}]}}