{"id":1723,"date":"2019-02-19T14:19:07","date_gmt":"2019-02-19T17:19:07","guid":{"rendered":"http:\/\/personalbiker.com.br\/lojapb\/?post_type=product&#038;p=1723"},"modified":"2022-08-19T15:00:20","modified_gmt":"2022-08-19T18:00:20","slug":"polaina-pioneira-pvc-solado-inteiro","status":"publish","type":"product","link":"https:\/\/personalbiker.com.br\/lojapb\/produto\/polaina-pioneira-pvc-solado-inteiro\/","title":{"rendered":"Polaina Pioneira PVC Solado inteiro"},"content":{"rendered":"<p>&nbsp;<\/p>\n<p>&nbsp;<\/p>\n<p>&nbsp;<\/p>\n","protected":false},"excerpt":{"rendered":"<p>A Polaina de PVC \u00e9 um produto destinado a prote\u00e7\u00e3o do Cal\u00e7ado. O produto \u00e9 confeccionado em PVC 0,30mm que proporciona resist\u00eancia e durabilidade. A Polaina de PVC 0,30mm conta com Solado Emborrachado Inteiro, Fechamento atrav\u00e9s de Z\u00edper e Velcro recobertos por uma Lapela de Drenagem, El\u00e1stico na parte Superior e Serigrafia.<\/p>\n<p><b>Espessura:\u00a0<\/b>0,30 mm<\/p>\n<p>imagens meramente ilustrativas<\/p>\n","protected":false},"featured_media":6348,"template":"","meta":[],"product_brand":[],"product_cat":[45],"product_tag":[],"class_list":{"0":"post-1723","1":"product","2":"type-product","3":"status-publish","4":"has-post-thumbnail","6":"product_cat-capas-de-chuva-polainas","7":"pa_cor-preto","8":"pa_tamanho-g","10":"first","11":"outofstock","12":"shipping-taxable","13":"purchasable","14":"product-type-variable"},"_links":{"self":[{"href":"https:\/\/personalbiker.com.br\/lojapb\/wp-json\/wp\/v2\/product\/1723","targetHints":{"allow":["GET"]}}],"collection":[{"href":"https:\/\/personalbiker.com.br\/lojapb\/wp-json\/wp\/v2\/product"}],"about":[{"href":"https:\/\/personalbiker.com.br\/lojapb\/wp-json\/wp\/v2\/types\/product"}],"wp:featuredmedia":[{"embeddable":true,"href":"https:\/\/personalbiker.com.br\/lojapb\/wp-json\/wp\/v2\/media\/6348"}],"wp:attachment":[{"href":"https:\/\/personalbiker.com.br\/lojapb\/wp-json\/wp\/v2\/media?parent=1723"}],"wp:term":[{"taxonomy":"product_brand","embeddable":true,"href":"https:\/\/personalbiker.com.br\/lojapb\/wp-json\/wp\/v2\/product_brand?post=1723"},{"taxonomy":"product_cat","embeddable":true,"href":"https:\/\/personalbiker.com.br\/lojapb\/wp-json\/wp\/v2\/product_cat?post=1723"},{"taxonomy":"product_tag","embeddable":true,"href":"https:\/\/personalbiker.com.br\/lojapb\/wp-json\/wp\/v2\/product_tag?post=1723"}],"curies":[{"name":"wp","href":"https:\/\/api.w.org\/{rel}","templated":true}]}}