{"id":1636,"date":"2019-02-18T12:54:16","date_gmt":"2019-02-18T15:54:16","guid":{"rendered":"http:\/\/personalbiker.com.br\/lojapb\/?post_type=product&#038;p=1636"},"modified":"2022-08-19T15:01:29","modified_gmt":"2022-08-19T18:01:29","slug":"conjunto-chuva-pioneira-nylon-full-masc-com-capuz","status":"publish","type":"product","link":"https:\/\/personalbiker.com.br\/lojapb\/produto\/conjunto-chuva-pioneira-nylon-full-masc-com-capuz\/","title":{"rendered":"Conjunto chuva Pioneira Nylon Full Masc. com Capuz"},"content":{"rendered":"","protected":false},"excerpt":{"rendered":"<p><strong>\u00a0<\/strong>O Conjunto de Nylon FULL \u00e9 um produto que atende aos mais exigentes Motociclistas. O produto \u00e9 confeccionado em Nylon 0,20mm que proporciona conforto, resist\u00eancia e durabilidade. O produto alinha Inova\u00e7\u00e3o e Design e veio ao mercado para revolucionar o conceito de Imperme\u00e1veis. Atualmente, \u00e9 reconhecido como A MODA QUE PROTEGE.\u00a0 O Conjunto de Nylon FULL conta com Cal\u00e7a e Jaqueta. Jaqueta com Fechamento atrav\u00e9s de Z\u00edper e Velcro recobertos por uma Lapela de Drenagem, Capuz Embutido, Bolso Interno, Regulador nos Punhos, Serigrafia e Vivo Refletivo em pontos estrat\u00e9gicos do Produto. Cal\u00e7a com El\u00e1stico na Cintura, Refor\u00e7o no Gancho, Bolso Externo, Z\u00edper Tri\u00e2ngulo na Bainha e Vivo Refletivo em toda a Lateral.<\/p>\n<p><b>Espessura:\u00a0<\/b>0,20\u00a0mm<\/p>\n<p>imagens meramente ilustrativas<\/p>\n<p>&nbsp;<\/p>\n<p>imagens meramente ilustrativas<\/p>\n<p>&nbsp;<\/p>\n","protected":false},"featured_media":6360,"template":"","meta":[],"product_brand":[],"product_cat":[45],"product_tag":[],"class_list":{"0":"post-1636","1":"product","2":"type-product","3":"status-publish","4":"has-post-thumbnail","6":"product_cat-capas-de-chuva-polainas","7":"pa_cor-preto","8":"pa_tamanho-p","10":"first","11":"instock","12":"shipping-taxable","13":"purchasable","14":"product-type-simple"},"_links":{"self":[{"href":"https:\/\/personalbiker.com.br\/lojapb\/wp-json\/wp\/v2\/product\/1636","targetHints":{"allow":["GET"]}}],"collection":[{"href":"https:\/\/personalbiker.com.br\/lojapb\/wp-json\/wp\/v2\/product"}],"about":[{"href":"https:\/\/personalbiker.com.br\/lojapb\/wp-json\/wp\/v2\/types\/product"}],"wp:featuredmedia":[{"embeddable":true,"href":"https:\/\/personalbiker.com.br\/lojapb\/wp-json\/wp\/v2\/media\/6360"}],"wp:attachment":[{"href":"https:\/\/personalbiker.com.br\/lojapb\/wp-json\/wp\/v2\/media?parent=1636"}],"wp:term":[{"taxonomy":"product_brand","embeddable":true,"href":"https:\/\/personalbiker.com.br\/lojapb\/wp-json\/wp\/v2\/product_brand?post=1636"},{"taxonomy":"product_cat","embeddable":true,"href":"https:\/\/personalbiker.com.br\/lojapb\/wp-json\/wp\/v2\/product_cat?post=1636"},{"taxonomy":"product_tag","embeddable":true,"href":"https:\/\/personalbiker.com.br\/lojapb\/wp-json\/wp\/v2\/product_tag?post=1636"}],"curies":[{"name":"wp","href":"https:\/\/api.w.org\/{rel}","templated":true}]}}