{"id":1489,"date":"2019-02-14T15:00:34","date_gmt":"2019-02-14T17:00:34","guid":{"rendered":"http:\/\/personalbiker.com.br\/lojapb\/?post_type=product&#038;p=1489"},"modified":"2019-09-30T13:38:34","modified_gmt":"2019-09-30T16:38:34","slug":"1489","status":"publish","type":"product","link":"https:\/\/personalbiker.com.br\/lojapb\/produto\/1489\/","title":{"rendered":"Capacete Pro Tork Mini Cross Factory Edition Neon"},"content":{"rendered":"","protected":false},"excerpt":{"rendered":"<div class=\"descricao\" align=\"justify\">\n<p>Capacete Pro Tork Mini Cross Factory Edition<\/p>\n<p>Apresentamos o novo item da\u00a0Pro Tork, o\u00a0Mini Capacete Cross.\u00a0Quem gosta de motociclismo adora ter objetos como este pelo escrit\u00f3rio ou em casa, \u00e9 uma \u00f3tima op\u00e7\u00e3o de presente. O\u00a0Mini Capacete\u00a0\u00e9 feito com os mesmo materiais do capacete normal, possui pala em ABS e forra\u00e7\u00e3o antial\u00e9rgica.<span style=\"color: #333333\">Tamanho Aproximado do Mini Capacete<\/span><\/p>\n<ul>\n<li>15 cm Comprimento<\/li>\n<li>11 cm Largura<\/li>\n<li>13 cm Altura<\/li>\n<\/ul>\n<p><span style=\"color: #333333\">Enfeite e Decora\u00e7\u00e3o.<\/span><\/p>\n<p>O Capacete Pro Tork Mini Cross Factory Edition, \u00e9 indicado para amantes de Motos de Trilha, Motocross, Enduro, Velocross, Cross Countr<\/p>\n<\/div>\n<div align=\"justify\"><\/div>\n<div align=\"justify\">\n<p>PARA DECORA\u00c7\u00c3O<\/p>\n<p>imagens meramente ilustrativas<\/p>\n<\/div>\n","protected":false},"featured_media":6198,"template":"","meta":[],"product_brand":[],"product_cat":[20],"product_tag":[],"class_list":{"0":"post-1489","1":"product","2":"type-product","3":"status-publish","4":"has-post-thumbnail","6":"product_cat-capacetes-infantil","7":"pa_cor-preto-laranja","8":"pa_cor-preto-rosa","10":"first","11":"outofstock","12":"shipping-taxable","13":"purchasable","14":"product-type-variable"},"_links":{"self":[{"href":"https:\/\/personalbiker.com.br\/lojapb\/wp-json\/wp\/v2\/product\/1489","targetHints":{"allow":["GET"]}}],"collection":[{"href":"https:\/\/personalbiker.com.br\/lojapb\/wp-json\/wp\/v2\/product"}],"about":[{"href":"https:\/\/personalbiker.com.br\/lojapb\/wp-json\/wp\/v2\/types\/product"}],"wp:featuredmedia":[{"embeddable":true,"href":"https:\/\/personalbiker.com.br\/lojapb\/wp-json\/wp\/v2\/media\/6198"}],"wp:attachment":[{"href":"https:\/\/personalbiker.com.br\/lojapb\/wp-json\/wp\/v2\/media?parent=1489"}],"wp:term":[{"taxonomy":"product_brand","embeddable":true,"href":"https:\/\/personalbiker.com.br\/lojapb\/wp-json\/wp\/v2\/product_brand?post=1489"},{"taxonomy":"product_cat","embeddable":true,"href":"https:\/\/personalbiker.com.br\/lojapb\/wp-json\/wp\/v2\/product_cat?post=1489"},{"taxonomy":"product_tag","embeddable":true,"href":"https:\/\/personalbiker.com.br\/lojapb\/wp-json\/wp\/v2\/product_tag?post=1489"}],"curies":[{"name":"wp","href":"https:\/\/api.w.org\/{rel}","templated":true}]}}