{"id":1422,"date":"2019-02-13T13:14:22","date_gmt":"2019-02-13T15:14:22","guid":{"rendered":"http:\/\/personalbiker.com.br\/lojapb\/?post_type=product&#038;p=1422"},"modified":"2019-02-15T16:11:50","modified_gmt":"2019-02-15T18:11:50","slug":"pochete-perna-givi-ea-109b","status":"publish","type":"product","link":"https:\/\/personalbiker.com.br\/lojapb\/produto\/pochete-perna-givi-ea-109b\/","title":{"rendered":"Pochete Perna GIVI EA 109B"},"content":{"rendered":"","protected":false},"excerpt":{"rendered":"<p>Gra\u00e7as \u00e0 al\u00e7a de cintura destac\u00e1vel, pode ser fixado diretamente ao seu cinto \/ cintur\u00e3o.<br \/>\nMateriais: feitos com 600D PU, com pastilhas de poli\u00e9ster.<br \/>\nEquipamento:<br \/>\n&#8211; Bolso interno<br \/>\n&#8211; Bolso frontal<\/p>\n<p>Informa\u00e7\u00f5es do produto<\/p>\n<p>Descri\u00e7\u00e3o<br \/>\nDimens\u00f5es: 170 x 110 x 75 mm.<\/p>\n<p>&nbsp;<\/p>\n<p>imagens meramente ilustrativas<\/p>\n","protected":false},"featured_media":1426,"template":"","meta":[],"product_brand":[],"product_cat":[48],"product_tag":[],"class_list":{"0":"post-1422","1":"product","2":"type-product","3":"status-publish","4":"has-post-thumbnail","6":"product_cat-mochilas-e-alforge","8":"first","9":"outofstock","10":"shipping-taxable","11":"purchasable","12":"product-type-simple"},"_links":{"self":[{"href":"https:\/\/personalbiker.com.br\/lojapb\/wp-json\/wp\/v2\/product\/1422","targetHints":{"allow":["GET"]}}],"collection":[{"href":"https:\/\/personalbiker.com.br\/lojapb\/wp-json\/wp\/v2\/product"}],"about":[{"href":"https:\/\/personalbiker.com.br\/lojapb\/wp-json\/wp\/v2\/types\/product"}],"wp:featuredmedia":[{"embeddable":true,"href":"https:\/\/personalbiker.com.br\/lojapb\/wp-json\/wp\/v2\/media\/1426"}],"wp:attachment":[{"href":"https:\/\/personalbiker.com.br\/lojapb\/wp-json\/wp\/v2\/media?parent=1422"}],"wp:term":[{"taxonomy":"product_brand","embeddable":true,"href":"https:\/\/personalbiker.com.br\/lojapb\/wp-json\/wp\/v2\/product_brand?post=1422"},{"taxonomy":"product_cat","embeddable":true,"href":"https:\/\/personalbiker.com.br\/lojapb\/wp-json\/wp\/v2\/product_cat?post=1422"},{"taxonomy":"product_tag","embeddable":true,"href":"https:\/\/personalbiker.com.br\/lojapb\/wp-json\/wp\/v2\/product_tag?post=1422"}],"curies":[{"name":"wp","href":"https:\/\/api.w.org\/{rel}","templated":true}]}}