{"id":1407,"date":"2019-02-13T11:37:37","date_gmt":"2019-02-13T13:37:37","guid":{"rendered":"http:\/\/personalbiker.com.br\/lojapb\/?post_type=product&#038;p=1407"},"modified":"2022-08-19T16:47:59","modified_gmt":"2022-08-19T19:47:59","slug":"calca-adulto-pro-tork-2","status":"publish","type":"product","link":"https:\/\/personalbiker.com.br\/lojapb\/produto\/calca-adulto-pro-tork-2\/","title":{"rendered":"Cal\u00e7a Adulto Pro Tork"},"content":{"rendered":"","protected":false},"excerpt":{"rendered":"<p>Confeccionada em Poli\u00e9ster 600 fios e elastano;<br \/>\nApliques emborrachados estrategicamente posicionados;<br \/>\nRegulagens na cintura;<br \/>\nFechamento por z\u00edper e mais dois bot\u00f5es conferindo o ajuste ideal;<br \/>\nCostura dupla refor\u00e7ada;<br \/>\nForra\u00e7\u00e3o interna ventilada;<br \/>\nPlaca de tecido antichama na regi\u00e3o interna dos joelhos, oferece prote\u00e7\u00e3o contra a alta temperatura do motor;<br \/>\nModelagem ergon\u00f4mica com 13 pain\u00e9is;<br \/>\nArticula\u00e7\u00f5es el\u00e1sticas nos joelhos.<br \/>\nOBS: COMPRAR SEMPRE DOIS N\u00daMEROS ACIMA POIS A CAL\u00c7A N\u00c3O TEM LYCRA<\/p>\n<p>imagens meramente ilustrativas<\/p>\n","protected":false},"featured_media":5731,"template":"","meta":[],"product_brand":[],"product_cat":[27],"product_tag":[],"class_list":{"0":"post-1407","1":"product","2":"type-product","3":"status-publish","4":"has-post-thumbnail","6":"product_cat-jaquetas-calcas","7":"pa_cor-amarelo","8":"pa_tamanho-137","10":"first","11":"outofstock","12":"shipping-taxable","13":"purchasable","14":"product-type-variable"},"_links":{"self":[{"href":"https:\/\/personalbiker.com.br\/lojapb\/wp-json\/wp\/v2\/product\/1407","targetHints":{"allow":["GET"]}}],"collection":[{"href":"https:\/\/personalbiker.com.br\/lojapb\/wp-json\/wp\/v2\/product"}],"about":[{"href":"https:\/\/personalbiker.com.br\/lojapb\/wp-json\/wp\/v2\/types\/product"}],"wp:featuredmedia":[{"embeddable":true,"href":"https:\/\/personalbiker.com.br\/lojapb\/wp-json\/wp\/v2\/media\/5731"}],"wp:attachment":[{"href":"https:\/\/personalbiker.com.br\/lojapb\/wp-json\/wp\/v2\/media?parent=1407"}],"wp:term":[{"taxonomy":"product_brand","embeddable":true,"href":"https:\/\/personalbiker.com.br\/lojapb\/wp-json\/wp\/v2\/product_brand?post=1407"},{"taxonomy":"product_cat","embeddable":true,"href":"https:\/\/personalbiker.com.br\/lojapb\/wp-json\/wp\/v2\/product_cat?post=1407"},{"taxonomy":"product_tag","embeddable":true,"href":"https:\/\/personalbiker.com.br\/lojapb\/wp-json\/wp\/v2\/product_tag?post=1407"}],"curies":[{"name":"wp","href":"https:\/\/api.w.org\/{rel}","templated":true}]}}