{"id":1319,"date":"2019-02-12T12:20:06","date_gmt":"2019-02-12T14:20:06","guid":{"rendered":"http:\/\/personalbiker.com.br\/lojapb\/?post_type=product&#038;p=1319"},"modified":"2019-02-13T10:49:42","modified_gmt":"2019-02-13T12:49:42","slug":"calca-adulto-pro-tork","status":"publish","type":"product","link":"https:\/\/personalbiker.com.br\/lojapb\/produto\/calca-adulto-pro-tork\/","title":{"rendered":"Cal\u00e7a Adulto Pro Tork"},"content":{"rendered":"","protected":false},"excerpt":{"rendered":"<p>Ideal para quem quer sair com sua moto com\u00a0<strong>muito conforto e estilo<\/strong>,\u00a0 foi feita com m\u00e1xima qualidade para garantir que voc\u00ea v\u00e1 ficar com o\u00a0<strong>visual moderno<\/strong>\u00a0por muito mais tempo.<\/p>\n<p>Indicada\u00a0<strong>para quem curte esportes de aventura<\/strong>, essa pe\u00e7a tem\u00a0<strong>design esportivo<\/strong>\u00a0e foi fabricada em poli\u00e9ster 600 fios e elastano, possuindo ainda\u00a0<strong>costura dupla refor\u00e7ada<\/strong>. Ela tem\u00a0<strong>regulagem na cintura<\/strong>\u00a0e para fechar \u00e9 s\u00f3 usar o z\u00edper e os bot\u00f5es.<\/p>\n<p>Seu estilo vai ficar ainda mais esportivo com sua\u00a0<strong>colora\u00e7\u00e3o branca com detalhes em preto<\/strong>\u00a0que oferecem um\u00a0<strong>visual moderno<\/strong>. E voc\u00ea ainda pode combinar com uma camisa feita com qualidade, montando o look perfeito para curtir suas aventuras.<\/p>\n<p>imagens meramente ilustrativas<\/p>\n","protected":false},"featured_media":1325,"template":"","meta":[],"product_brand":[],"product_cat":[27],"product_tag":[],"class_list":{"0":"post-1319","1":"product","2":"type-product","3":"status-publish","4":"has-post-thumbnail","6":"product_cat-jaquetas-calcas","7":"pa_cor-preto-branco","8":"pa_tamanho-135","10":"first","11":"instock","12":"shipping-taxable","13":"purchasable","14":"product-type-variable"},"_links":{"self":[{"href":"https:\/\/personalbiker.com.br\/lojapb\/wp-json\/wp\/v2\/product\/1319","targetHints":{"allow":["GET"]}}],"collection":[{"href":"https:\/\/personalbiker.com.br\/lojapb\/wp-json\/wp\/v2\/product"}],"about":[{"href":"https:\/\/personalbiker.com.br\/lojapb\/wp-json\/wp\/v2\/types\/product"}],"wp:featuredmedia":[{"embeddable":true,"href":"https:\/\/personalbiker.com.br\/lojapb\/wp-json\/wp\/v2\/media\/1325"}],"wp:attachment":[{"href":"https:\/\/personalbiker.com.br\/lojapb\/wp-json\/wp\/v2\/media?parent=1319"}],"wp:term":[{"taxonomy":"product_brand","embeddable":true,"href":"https:\/\/personalbiker.com.br\/lojapb\/wp-json\/wp\/v2\/product_brand?post=1319"},{"taxonomy":"product_cat","embeddable":true,"href":"https:\/\/personalbiker.com.br\/lojapb\/wp-json\/wp\/v2\/product_cat?post=1319"},{"taxonomy":"product_tag","embeddable":true,"href":"https:\/\/personalbiker.com.br\/lojapb\/wp-json\/wp\/v2\/product_tag?post=1319"}],"curies":[{"name":"wp","href":"https:\/\/api.w.org\/{rel}","templated":true}]}}