{"id":1307,"date":"2019-02-12T11:31:02","date_gmt":"2019-02-12T13:31:02","guid":{"rendered":"http:\/\/personalbiker.com.br\/lojapb\/?post_type=product&#038;p=1307"},"modified":"2022-08-19T16:29:56","modified_gmt":"2022-08-19T19:29:56","slug":"calca-infantil-pro-tork-mod-insane-2","status":"publish","type":"product","link":"https:\/\/personalbiker.com.br\/lojapb\/produto\/calca-infantil-pro-tork-mod-insane-2\/","title":{"rendered":"Cal\u00e7a Infantil Pro Tork  Mod. Insane VERMELHA"},"content":{"rendered":"<p>&nbsp;<\/p>\n<p>&nbsp;<\/p>\n<p>&nbsp;<\/p>\n<p>&nbsp;<\/p>\n<p>&nbsp;<\/p>\n","protected":false},"excerpt":{"rendered":"<p>Com cores exclusivas e estampas em sublima\u00e7\u00e3o, proporciona maior durabilidade e cores vivas, sem abrir m\u00e3o do conforto e performance ao piloto. Possui duas faixas internas de silicone na cintura para melhor fixa\u00e7\u00e3o. Conta com logos emborrachados estrategicamente posicionados. Bainha com ribana.<br \/>\nComposi\u00e7\u00e3o 100% poli\u00e9ster<br \/>\nDesenvolvido com design inovador e radical<br \/>\nGrafismos sublimados, pads de borracha que n\u00e3o aderem ao barro<br \/>\nRegulagem na cintura.<br \/>\nInforma\u00e7\u00f5es t\u00e9cnicas:<br \/>\nCor Predominante: vermelha<\/p>\n<p>4 &#8211; Entre 3 a 5 anos<br \/>\n6 &#8211; Entre 6 a 7 anos<br \/>\n8 &#8211; Entre 8 a 9 anos<br \/>\n10 &#8211; Entre 10 a 11 anos<br \/>\n12 &#8211; Entre 12 a 13 anos<br \/>\n14 &#8211; Entre 14 a 15 anos<br \/>\n16 &#8211; Entre 16 a 17 anos<br \/>\nConte\u00fado da Embalagem: 1 cal\u00e7a<br \/>\nModelo: Insane Infantil<br \/>\nPeso aproximado de cada tamanho: 4 ao 8 (310 g), 10 (400 g), 12 ao 14 (410 g), 16 (425 g)<br \/>\nEsporte: Motocross<br \/>\nNome do fornecedor: Pro Tork.<\/p>\n<p>imagens meramente ilustrativas<\/p>\n","protected":false},"featured_media":1311,"template":"","meta":[],"product_brand":[],"product_cat":[18,21],"product_tag":[],"class_list":{"0":"post-1307","1":"product","2":"type-product","3":"status-publish","4":"has-post-thumbnail","6":"product_cat-infantil","7":"product_cat-acessorios","8":"pa_cor-azul","9":"pa_cor-vermelho","10":"pa_tamanho-126","11":"pa_tamanho-p","13":"first","14":"instock","15":"shipping-taxable","16":"purchasable","17":"product-type-variable"},"_links":{"self":[{"href":"https:\/\/personalbiker.com.br\/lojapb\/wp-json\/wp\/v2\/product\/1307","targetHints":{"allow":["GET"]}}],"collection":[{"href":"https:\/\/personalbiker.com.br\/lojapb\/wp-json\/wp\/v2\/product"}],"about":[{"href":"https:\/\/personalbiker.com.br\/lojapb\/wp-json\/wp\/v2\/types\/product"}],"wp:featuredmedia":[{"embeddable":true,"href":"https:\/\/personalbiker.com.br\/lojapb\/wp-json\/wp\/v2\/media\/1311"}],"wp:attachment":[{"href":"https:\/\/personalbiker.com.br\/lojapb\/wp-json\/wp\/v2\/media?parent=1307"}],"wp:term":[{"taxonomy":"product_brand","embeddable":true,"href":"https:\/\/personalbiker.com.br\/lojapb\/wp-json\/wp\/v2\/product_brand?post=1307"},{"taxonomy":"product_cat","embeddable":true,"href":"https:\/\/personalbiker.com.br\/lojapb\/wp-json\/wp\/v2\/product_cat?post=1307"},{"taxonomy":"product_tag","embeddable":true,"href":"https:\/\/personalbiker.com.br\/lojapb\/wp-json\/wp\/v2\/product_tag?post=1307"}],"curies":[{"name":"wp","href":"https:\/\/api.w.org\/{rel}","templated":true}]}}