{"id":1255,"date":"2019-02-08T15:36:45","date_gmt":"2019-02-08T17:36:45","guid":{"rendered":"http:\/\/personalbiker.com.br\/lojapb\/?post_type=product&#038;p=1255"},"modified":"2022-08-22T14:43:05","modified_gmt":"2022-08-22T17:43:05","slug":"mochila-de-hidratacao-sprint-b1053","status":"publish","type":"product","link":"https:\/\/personalbiker.com.br\/lojapb\/produto\/mochila-de-hidratacao-sprint-b1053\/","title":{"rendered":"MOCHILA DE HIDRATA\u00c7\u00c3O SPRINT B1053"},"content":{"rendered":"","protected":false},"excerpt":{"rendered":"<p>Al\u00e7as de ombro e peitorais ajust\u00e1veis em sistema de arreios<\/p>\n<p>Reservat\u00f3rio de hidrata\u00e7\u00e3o de 1,5L Bolsos frontais com ziper para pequenos objetos<\/p>\n<p>Mantenha-se hidratado durante as pedaladas e otimize seu desempenho.<\/p>\n<p>Conte\u00fado da embalagem:<br \/>\n01 Mochila<br \/>\n01 Reservat\u00f3rio de \u00e1gua com capacidade de 1,5 litros.<\/p>\n<p>Caracter\u00edsticas:<br \/>\nAl\u00e7as de ombro e peitorais ajust\u00e1veis em sistema de arreios<br \/>\nReservat\u00f3rio de hidrata\u00e7\u00e3o de 1,5 litros<br \/>\nBolsos frontais com ziper para pequenos objetos<\/p>\n<p>imagens meramente ilustrativas<\/p>\n","protected":false},"featured_media":1261,"template":"","meta":[],"product_brand":[],"product_cat":[48],"product_tag":[],"class_list":{"0":"post-1255","1":"product","2":"type-product","3":"status-publish","4":"has-post-thumbnail","6":"product_cat-mochilas-e-alforge","7":"pa_cor-preto-cinza","9":"first","10":"outofstock","11":"shipping-taxable","12":"purchasable","13":"product-type-variable"},"_links":{"self":[{"href":"https:\/\/personalbiker.com.br\/lojapb\/wp-json\/wp\/v2\/product\/1255","targetHints":{"allow":["GET"]}}],"collection":[{"href":"https:\/\/personalbiker.com.br\/lojapb\/wp-json\/wp\/v2\/product"}],"about":[{"href":"https:\/\/personalbiker.com.br\/lojapb\/wp-json\/wp\/v2\/types\/product"}],"wp:featuredmedia":[{"embeddable":true,"href":"https:\/\/personalbiker.com.br\/lojapb\/wp-json\/wp\/v2\/media\/1261"}],"wp:attachment":[{"href":"https:\/\/personalbiker.com.br\/lojapb\/wp-json\/wp\/v2\/media?parent=1255"}],"wp:term":[{"taxonomy":"product_brand","embeddable":true,"href":"https:\/\/personalbiker.com.br\/lojapb\/wp-json\/wp\/v2\/product_brand?post=1255"},{"taxonomy":"product_cat","embeddable":true,"href":"https:\/\/personalbiker.com.br\/lojapb\/wp-json\/wp\/v2\/product_cat?post=1255"},{"taxonomy":"product_tag","embeddable":true,"href":"https:\/\/personalbiker.com.br\/lojapb\/wp-json\/wp\/v2\/product_tag?post=1255"}],"curies":[{"name":"wp","href":"https:\/\/api.w.org\/{rel}","templated":true}]}}