{"id":1224,"date":"2019-02-08T10:35:05","date_gmt":"2019-02-08T12:35:05","guid":{"rendered":"http:\/\/personalbiker.com.br\/lojapb\/?post_type=product&#038;p=1224"},"modified":"2019-09-27T14:45:50","modified_gmt":"2019-09-27T17:45:50","slug":"mochila-lanche-ou-pizza-45-lts-35-cm-nylon-com-isopor","status":"publish","type":"product","link":"https:\/\/personalbiker.com.br\/lojapb\/produto\/mochila-lanche-ou-pizza-45-lts-35-cm-nylon-com-isopor\/","title":{"rendered":"MOCHILA LANCHE OU  PIZZA 45 lts (35 cm) Nylon com Isopor"},"content":{"rendered":"","protected":false},"excerpt":{"rendered":"<p>Especifica\u00e7\u00e3o T\u00e9cnica:<br \/>\n\u2022 Bolsa Confeccionada em Nylon<br \/>\n\u2022<br \/>\nAcabamento na Cor Vermelha<br \/>\n\u2022 Capacidade da Caixa de Isopor: 45 Litros<br \/>\n\u2022<br \/>\nPl\u00e1stico Frontal Transparente para Endere\u00e7os e Panfletos<br \/>\n\u2022<br \/>\nAl\u00e7as Ajust\u00e1veis com Fecho de Engate R\u00e1pido<br \/>\n\u2022<br \/>\nPossui Bolsos Laterais para Garrafas e Porta Documentos<br \/>\n\u2022<br \/>\nFechamento Atrav\u00e9s de Z\u00edper<\/p>\n<p>imagens meramente ilustrativas<\/p>\n<p>Pizza 45 Litros\u00a0 ( 8 peda\u00e7os)<\/p>\n","protected":false},"featured_media":1241,"template":"","meta":[],"product_brand":[],"product_cat":[48],"product_tag":[],"class_list":{"0":"post-1224","1":"product","2":"type-product","3":"status-publish","4":"has-post-thumbnail","6":"product_cat-mochilas-e-alforge","7":"pa_cor-vermelho","8":"pa_tamanho-45l-35cm","10":"first","11":"outofstock","12":"shipping-taxable","13":"purchasable","14":"product-type-variable"},"_links":{"self":[{"href":"https:\/\/personalbiker.com.br\/lojapb\/wp-json\/wp\/v2\/product\/1224","targetHints":{"allow":["GET"]}}],"collection":[{"href":"https:\/\/personalbiker.com.br\/lojapb\/wp-json\/wp\/v2\/product"}],"about":[{"href":"https:\/\/personalbiker.com.br\/lojapb\/wp-json\/wp\/v2\/types\/product"}],"wp:featuredmedia":[{"embeddable":true,"href":"https:\/\/personalbiker.com.br\/lojapb\/wp-json\/wp\/v2\/media\/1241"}],"wp:attachment":[{"href":"https:\/\/personalbiker.com.br\/lojapb\/wp-json\/wp\/v2\/media?parent=1224"}],"wp:term":[{"taxonomy":"product_brand","embeddable":true,"href":"https:\/\/personalbiker.com.br\/lojapb\/wp-json\/wp\/v2\/product_brand?post=1224"},{"taxonomy":"product_cat","embeddable":true,"href":"https:\/\/personalbiker.com.br\/lojapb\/wp-json\/wp\/v2\/product_cat?post=1224"},{"taxonomy":"product_tag","embeddable":true,"href":"https:\/\/personalbiker.com.br\/lojapb\/wp-json\/wp\/v2\/product_tag?post=1224"}],"curies":[{"name":"wp","href":"https:\/\/api.w.org\/{rel}","templated":true}]}}