{"id":121,"date":"2010-07-22T17:22:57","date_gmt":"2010-07-22T17:22:57","guid":{"rendered":"http:\/\/personalbiker.com.br\/lojapb\/?product=coletor-admissao-carburador"},"modified":"2022-08-22T14:28:59","modified_gmt":"2022-08-22T17:28:59","slug":"coletor-admissao-carburador","status":"publish","type":"product","link":"https:\/\/personalbiker.com.br\/lojapb\/produto\/coletor-admissao-carburador\/","title":{"rendered":"Coletor Admiss\u00e3o MINI Moto Carburador XM XM"},"content":{"rendered":"","protected":false},"excerpt":{"rendered":"<p>DICAS:<\/p>\n<p>Mantenha seu carburador limpo: Com o carburador limpo seu produto vai funcionar com mais facilidade evitando o excesso de partidas que pode danificar as pe\u00e7as<\/p>\n<p>Dica 2 \u2013 Funcione sempre o motor: nunca deixe o motor parado por mais de uma semana, mesmo sem andar ligue ele uma ou duas vezes na semana<\/p>\n<p>Dica 3 \u2013 Use gasolina de boa qualidade: Muitas vezes o funcionamento dos carrinhos s\u00e3o subestimados e assim \u00e9 usado qualquer gasolina \u2018\u2019CUIDADO\u2019\u2019 na maioria das vezes os produtos que chegam em nossa oficina de mini moto e quadriciclo est\u00e3o com uma p\u00e9ssima gasolina e acabam gastando mais na revis\u00e3o.<\/p>\n","protected":false},"featured_media":120,"template":"","meta":[],"product_brand":[],"product_cat":[31],"product_tag":[],"class_list":{"0":"post-121","1":"product","2":"type-product","3":"status-publish","4":"has-post-thumbnail","6":"product_cat-pecas","8":"first","9":"instock","10":"purchasable","11":"product-type-simple"},"_links":{"self":[{"href":"https:\/\/personalbiker.com.br\/lojapb\/wp-json\/wp\/v2\/product\/121","targetHints":{"allow":["GET"]}}],"collection":[{"href":"https:\/\/personalbiker.com.br\/lojapb\/wp-json\/wp\/v2\/product"}],"about":[{"href":"https:\/\/personalbiker.com.br\/lojapb\/wp-json\/wp\/v2\/types\/product"}],"wp:featuredmedia":[{"embeddable":true,"href":"https:\/\/personalbiker.com.br\/lojapb\/wp-json\/wp\/v2\/media\/120"}],"wp:attachment":[{"href":"https:\/\/personalbiker.com.br\/lojapb\/wp-json\/wp\/v2\/media?parent=121"}],"wp:term":[{"taxonomy":"product_brand","embeddable":true,"href":"https:\/\/personalbiker.com.br\/lojapb\/wp-json\/wp\/v2\/product_brand?post=121"},{"taxonomy":"product_cat","embeddable":true,"href":"https:\/\/personalbiker.com.br\/lojapb\/wp-json\/wp\/v2\/product_cat?post=121"},{"taxonomy":"product_tag","embeddable":true,"href":"https:\/\/personalbiker.com.br\/lojapb\/wp-json\/wp\/v2\/product_tag?post=121"}],"curies":[{"name":"wp","href":"https:\/\/api.w.org\/{rel}","templated":true}]}}