{"id":119,"date":"2010-07-22T17:18:22","date_gmt":"2010-07-22T17:18:22","guid":{"rendered":"http:\/\/personalbiker.com.br\/lojapb\/?product=pinhao"},"modified":"2015-08-12T10:21:09","modified_gmt":"2015-08-12T10:21:09","slug":"pinhao","status":"publish","type":"product","link":"https:\/\/personalbiker.com.br\/lojapb\/produto\/pinhao\/","title":{"rendered":"Pinh\u00e3o"},"content":{"rendered":"<p><font size=\"4\">Pinh\u00e3o para Mini Motos, Mini Quadriciclos, com motores 2 tempos 47cc e 49cc. Existem varios modelos de pinh\u00e3o, verifique o modelo correto que voc\u00ea precisa, 6 ou 7 dentes<\/font><\/p>\n","protected":false},"excerpt":{"rendered":"<p>Pinh\u00e3o para Mini Motos, Mini Quadriciclos, com motores 2 tempos 47cc e 49cc. Existem varios modelos de pinh\u00e3o, verifique o modelo correto que voc\u00ea precisa, 6 ou 7 dentes<\/p>\n","protected":false},"featured_media":118,"template":"","meta":[],"product_brand":[],"product_cat":[31],"product_tag":[],"class_list":{"0":"post-119","1":"product","2":"type-product","3":"status-publish","4":"has-post-thumbnail","6":"product_cat-pecas","8":"first","9":"instock","10":"purchasable","11":"product-type-simple"},"_links":{"self":[{"href":"https:\/\/personalbiker.com.br\/lojapb\/wp-json\/wp\/v2\/product\/119","targetHints":{"allow":["GET"]}}],"collection":[{"href":"https:\/\/personalbiker.com.br\/lojapb\/wp-json\/wp\/v2\/product"}],"about":[{"href":"https:\/\/personalbiker.com.br\/lojapb\/wp-json\/wp\/v2\/types\/product"}],"wp:featuredmedia":[{"embeddable":true,"href":"https:\/\/personalbiker.com.br\/lojapb\/wp-json\/wp\/v2\/media\/118"}],"wp:attachment":[{"href":"https:\/\/personalbiker.com.br\/lojapb\/wp-json\/wp\/v2\/media?parent=119"}],"wp:term":[{"taxonomy":"product_brand","embeddable":true,"href":"https:\/\/personalbiker.com.br\/lojapb\/wp-json\/wp\/v2\/product_brand?post=119"},{"taxonomy":"product_cat","embeddable":true,"href":"https:\/\/personalbiker.com.br\/lojapb\/wp-json\/wp\/v2\/product_cat?post=119"},{"taxonomy":"product_tag","embeddable":true,"href":"https:\/\/personalbiker.com.br\/lojapb\/wp-json\/wp\/v2\/product_tag?post=119"}],"curies":[{"name":"wp","href":"https:\/\/api.w.org\/{rel}","templated":true}]}}